{"id":6953,"date":"2026-02-16T12:09:06","date_gmt":"2026-02-16T11:09:06","guid":{"rendered":"https:\/\/www.protezionisrl.com\/prodotti\/"},"modified":"2026-04-15T12:44:49","modified_gmt":"2026-04-15T10:44:49","slug":"produits","status":"publish","type":"page","link":"https:\/\/www.protezionisrl.com\/fr\/produits\/","title":{"rendered":"Produits"},"content":{"rendered":"\t\t<div data-elementor-type=\"wp-page\" data-elementor-id=\"6953\" class=\"elementor elementor-6953 elementor-541\">\n\t\t\t\t<div class=\"elementor-element elementor-element-11cb1339 e-con-full e-flex e-con e-parent\" data-id=\"11cb1339\" data-element_type=\"container\" data-e-type=\"container\">\n\t\t\t\t<div class=\"elementor-element elementor-element-2d0450cf elementor-widget elementor-widget-custom_breadcrumb\" data-id=\"2d0450cf\" data-element_type=\"widget\" data-e-type=\"widget\" data-widget_type=\"custom_breadcrumb.default\">\n\t\t\t\t<div class=\"elementor-widget-container\">\n\t\t\t\t\t<nav aria-label=\"breadcrumb\"><ul class=\"breadcrumb\" style=\"display: flex; list-style: none; padding: 0; gap: 10px;\"><li class=\"breadcrumb-item\"><a href=\"https:\/\/www.protezionisrl.com\/fr\/\">Home<\/a><\/li><\/ul><\/nav>\t\t\t\t<\/div>\n\t\t\t\t<\/div>\n\t\t\t\t<\/div>\n\t\t<div class=\"elementor-element elementor-element-7d093a4b e-con-full e-flex e-con e-parent\" data-id=\"7d093a4b\" data-element_type=\"container\" data-e-type=\"container\" data-settings=\"{&quot;background_background&quot;:&quot;classic&quot;}\">\n\t\t\t\t<div class=\"elementor-element elementor-element-254d8851 elementor-widget__width-initial elementor-widget elementor-widget-heading\" data-id=\"254d8851\" data-element_type=\"widget\" data-e-type=\"widget\" data-widget_type=\"heading.default\">\n\t\t\t\t\t<h1 class=\"elementor-heading-title elementor-size-default\">PRODUITS<\/h1>\t\t\t\t<\/div>\n\t\t\t\t<div class=\"elementor-element elementor-element-a108d3 elementor-widget__width-initial elementor-widget elementor-widget-text-editor\" data-id=\"a108d3\" data-element_type=\"widget\" data-e-type=\"widget\" data-widget_type=\"text-editor.default\">\n\t\t\t\t\t\t\t\t\t<p>La libert\u00e9 de vivre en plein air, \u00e0 l\u2019abri des intemp\u00e9ries. <br \/>Le plaisir d\u2019un horizon sans limites et d\u2019un espace ext\u00e9rieur r\u00e9ellement utilisable en toute saison.<\/p>\t\t\t\t\t\t\t\t<\/div>\n\t\t\t\t<div class=\"elementor-element elementor-element-eff94b9 elementor-widget__width-initial elementor-widget elementor-widget-text-editor\" data-id=\"eff94b9\" data-element_type=\"widget\" data-e-type=\"widget\" data-widget_type=\"text-editor.default\">\n\t\t\t\t\t\t\t\t\t<p>D\u00e9couvrez les solutions Protezioni : des couvertures ALL SEASON fixes et mobiles, des vitrages panoramiques et des balustrades t\u00e9lescopiques haute performance, con\u00e7ues et fabriqu\u00e9es en Italie pour transformer l\u2019ext\u00e9rieur en un v\u00e9ritable espace de vie.<\/p><p>Des syst\u00e8mes toujours r\u00e9alis\u00e9s sur mesure qui mettent en valeur le potentiel des espaces r\u00e9sidentiels et des \u00e9tablissements Horeca gr\u00e2ce \u00e0 leur \u00e9tanch\u00e9it\u00e9, leur isolation et leur transparence.<\/p>\t\t\t\t\t\t\t\t<\/div>\n\t\t\t\t<\/div>\n\t\t<div class=\"elementor-element elementor-element-48afa5f e-grid e-con-full e-con e-parent\" data-id=\"48afa5f\" data-element_type=\"container\" data-e-type=\"container\">\n\t\t<a class=\"elementor-element elementor-element-26630b9 link-card e-flex e-con-boxed e-con e-child\" data-id=\"26630b9\" data-element_type=\"container\" data-e-type=\"container\" href=\"https:\/\/www.protezionisrl.com\/fr\/nesos\/\">\n\t\t\t\t\t<div class=\"e-con-inner\">\n\t\t\t\t<div class=\"elementor-element elementor-element-e751450 elementor-widget elementor-widget-custom_image\" data-id=\"e751450\" data-element_type=\"widget\" data-e-type=\"widget\" data-widget_type=\"custom_image.default\">\n\t\t\t\t\t\t\t<div class=\"qodef-shortcode qodef-m qodef-single-image qodef-layout--default qodef--has-appear\">\n\t\t\t<div class=\"qodef-m-image\">\n\n\t\t\t\t\n\t\t\t\t\n\t\t\t\t<img fetchpriority=\"high\" decoding=\"async\" width=\"1000\" height=\"750\" src=\"https:\/\/www.protezionisrl.com\/wp-content\/uploads\/2026\/02\/nesos-img01-medium.jpg\" class=\"attachment-large size-large wp-image-139\" alt=\"\" srcset=\"https:\/\/www.protezionisrl.com\/wp-content\/uploads\/2026\/02\/nesos-img01-medium.jpg 1000w, https:\/\/www.protezionisrl.com\/wp-content\/uploads\/2026\/02\/nesos-img01-medium-300x225.jpg 300w, https:\/\/www.protezionisrl.com\/wp-content\/uploads\/2026\/02\/nesos-img01-medium-768x576.jpg 768w, https:\/\/www.protezionisrl.com\/wp-content\/uploads\/2026\/02\/nesos-img01-medium-600x450.jpg 600w\" sizes=\"(max-width: 1000px) 100vw, 1000px\" \/>\n\t\t\t\t\n\t\t\t\t\n\t\t\t<\/div><!-- \/.qodef-m-image -->\n\t\t<\/div><!-- \/.qodef-shortcode -->\n\t\t\t\t\t\t<\/div>\n\t\t\t\t<div class=\"elementor-element elementor-element-cc97def elementor-widget elementor-widget-heading\" data-id=\"cc97def\" data-element_type=\"widget\" data-e-type=\"widget\" data-widget_type=\"heading.default\">\n\t\t\t\t\t<h2 class=\"elementor-heading-title elementor-size-default\">Nesos<\/h2>\t\t\t\t<\/div>\n\t\t\t\t<div class=\"elementor-element elementor-element-bba8bfb elementor-widget elementor-widget-text-editor\" data-id=\"bba8bfb\" data-element_type=\"widget\" data-e-type=\"widget\" data-widget_type=\"text-editor.default\">\n\t\t\t\t\t\t\t\t\t<p>Couverture ALL SEASON sans rupture de pont thermique avec inclinaison dissimul\u00e9e<\/p>\t\t\t\t\t\t\t\t<\/div>\n\t\t\t\t\t<\/div>\n\t\t\t\t<\/a>\n\t\t<a class=\"elementor-element elementor-element-34b564f link-card e-flex e-con-boxed e-con e-child\" data-id=\"34b564f\" data-element_type=\"container\" data-e-type=\"container\" href=\"https:\/\/www.protezionisrl.com\/fr\/nubes\/\">\n\t\t\t\t\t<div class=\"e-con-inner\">\n\t\t\t\t<div class=\"elementor-element elementor-element-2570266 elementor-widget elementor-widget-custom_image\" data-id=\"2570266\" data-element_type=\"widget\" data-e-type=\"widget\" data-widget_type=\"custom_image.default\">\n\t\t\t\t\t\t\t<div class=\"qodef-shortcode qodef-m qodef-single-image qodef-layout--default qodef--has-appear\">\n\t\t\t<div class=\"qodef-m-image\">\n\n\t\t\t\t\n\t\t\t\t\n\t\t\t\t<img decoding=\"async\" width=\"1000\" height=\"750\" src=\"https:\/\/www.protezionisrl.com\/wp-content\/uploads\/2026\/02\/nubes-img01-medium.jpg\" class=\"attachment-large size-large wp-image-141\" alt=\"\" srcset=\"https:\/\/www.protezionisrl.com\/wp-content\/uploads\/2026\/02\/nubes-img01-medium.jpg 1000w, https:\/\/www.protezionisrl.com\/wp-content\/uploads\/2026\/02\/nubes-img01-medium-300x225.jpg 300w, https:\/\/www.protezionisrl.com\/wp-content\/uploads\/2026\/02\/nubes-img01-medium-768x576.jpg 768w, https:\/\/www.protezionisrl.com\/wp-content\/uploads\/2026\/02\/nubes-img01-medium-600x450.jpg 600w\" sizes=\"(max-width: 1000px) 100vw, 1000px\" \/>\n\t\t\t\t\n\t\t\t\t\n\t\t\t<\/div><!-- \/.qodef-m-image -->\n\t\t<\/div><!-- \/.qodef-shortcode -->\n\t\t\t\t\t\t<\/div>\n\t\t\t\t<div class=\"elementor-element elementor-element-3b1ab18 elementor-widget elementor-widget-heading\" data-id=\"3b1ab18\" data-element_type=\"widget\" data-e-type=\"widget\" data-widget_type=\"heading.default\">\n\t\t\t\t\t<h2 class=\"elementor-heading-title elementor-size-default\">Nubes<\/h2>\t\t\t\t<\/div>\n\t\t\t\t<div class=\"elementor-element elementor-element-70646e0 elementor-widget elementor-widget-text-editor\" data-id=\"70646e0\" data-element_type=\"widget\" data-e-type=\"widget\" data-widget_type=\"text-editor.default\">\n\t\t\t\t\t\t\t\t\t<p>Couverture ALL SEASON en pente, adoss\u00e9e au mur<\/p>\t\t\t\t\t\t\t\t<\/div>\n\t\t\t\t\t<\/div>\n\t\t\t\t<\/a>\n\t\t<a class=\"elementor-element elementor-element-0ed8408 link-card e-flex e-con-boxed e-con e-child\" data-id=\"0ed8408\" data-element_type=\"container\" data-e-type=\"container\" href=\"https:\/\/www.protezionisrl.com\/fr\/ermes\/\">\n\t\t\t\t\t<div class=\"e-con-inner\">\n\t\t\t\t<div class=\"elementor-element elementor-element-b348678 elementor-widget elementor-widget-custom_image\" data-id=\"b348678\" data-element_type=\"widget\" data-e-type=\"widget\" data-widget_type=\"custom_image.default\">\n\t\t\t\t\t\t\t<div class=\"qodef-shortcode qodef-m qodef-single-image qodef-layout--default qodef--has-appear\">\n\t\t\t<div class=\"qodef-m-image\">\n\n\t\t\t\t\n\t\t\t\t\n\t\t\t\t<img decoding=\"async\" width=\"1000\" height=\"667\" src=\"https:\/\/www.protezionisrl.com\/wp-content\/uploads\/2026\/02\/ermes-img01-medium.jpg\" class=\"attachment-large size-large wp-image-142\" alt=\"\" srcset=\"https:\/\/www.protezionisrl.com\/wp-content\/uploads\/2026\/02\/ermes-img01-medium.jpg 1000w, https:\/\/www.protezionisrl.com\/wp-content\/uploads\/2026\/02\/ermes-img01-medium-300x200.jpg 300w, https:\/\/www.protezionisrl.com\/wp-content\/uploads\/2026\/02\/ermes-img01-medium-768x512.jpg 768w, https:\/\/www.protezionisrl.com\/wp-content\/uploads\/2026\/02\/ermes-img01-medium-600x400.jpg 600w\" sizes=\"(max-width: 1000px) 100vw, 1000px\" \/>\n\t\t\t\t\n\t\t\t\t\n\t\t\t<\/div><!-- \/.qodef-m-image -->\n\t\t<\/div><!-- \/.qodef-shortcode -->\n\t\t\t\t\t\t<\/div>\n\t\t\t\t<div class=\"elementor-element elementor-element-0ed5e26 elementor-widget elementor-widget-heading\" data-id=\"0ed5e26\" data-element_type=\"widget\" data-e-type=\"widget\" data-widget_type=\"heading.default\">\n\t\t\t\t\t<h2 class=\"elementor-heading-title elementor-size-default\">Ermes<\/h2>\t\t\t\t<\/div>\n\t\t\t\t<div class=\"elementor-element elementor-element-0d77e26 elementor-widget elementor-widget-text-editor\" data-id=\"0d77e26\" data-element_type=\"widget\" data-e-type=\"widget\" data-widget_type=\"text-editor.default\">\n\t\t\t\t\t\t\t\t\t<p>Couverture ALL SEASON \u00e0 rupture de pont thermique, autoportante ou adoss\u00e9e<\/p>\t\t\t\t\t\t\t\t<\/div>\n\t\t\t\t\t<\/div>\n\t\t\t\t<\/a>\n\t\t<a class=\"elementor-element elementor-element-a9960e5 link-card e-flex e-con-boxed e-con e-child\" data-id=\"a9960e5\" data-element_type=\"container\" data-e-type=\"container\" href=\"https:\/\/www.protezionisrl.com\/fr\/pareo\/\">\n\t\t\t\t\t<div class=\"e-con-inner\">\n\t\t\t\t<div class=\"elementor-element elementor-element-1e38e42 elementor-widget elementor-widget-custom_image\" data-id=\"1e38e42\" data-element_type=\"widget\" data-e-type=\"widget\" data-widget_type=\"custom_image.default\">\n\t\t\t\t\t\t\t<div class=\"qodef-shortcode qodef-m qodef-single-image qodef-layout--default qodef--has-appear\">\n\t\t\t<div class=\"qodef-m-image\">\n\n\t\t\t\t\n\t\t\t\t\n\t\t\t\t<img loading=\"lazy\" decoding=\"async\" width=\"1000\" height=\"750\" src=\"https:\/\/www.protezionisrl.com\/wp-content\/uploads\/2026\/02\/pareo-img01-medium.jpg\" class=\"attachment-large size-large wp-image-146\" alt=\"\" srcset=\"https:\/\/www.protezionisrl.com\/wp-content\/uploads\/2026\/02\/pareo-img01-medium.jpg 1000w, https:\/\/www.protezionisrl.com\/wp-content\/uploads\/2026\/02\/pareo-img01-medium-300x225.jpg 300w, https:\/\/www.protezionisrl.com\/wp-content\/uploads\/2026\/02\/pareo-img01-medium-768x576.jpg 768w, https:\/\/www.protezionisrl.com\/wp-content\/uploads\/2026\/02\/pareo-img01-medium-600x450.jpg 600w\" sizes=\"(max-width: 1000px) 100vw, 1000px\" \/>\n\t\t\t\t\n\t\t\t\t\n\t\t\t<\/div><!-- \/.qodef-m-image -->\n\t\t<\/div><!-- \/.qodef-shortcode -->\n\t\t\t\t\t\t<\/div>\n\t\t\t\t<div class=\"elementor-element elementor-element-fdaf3de elementor-widget elementor-widget-heading\" data-id=\"fdaf3de\" data-element_type=\"widget\" data-e-type=\"widget\" data-widget_type=\"heading.default\">\n\t\t\t\t\t<h2 class=\"elementor-heading-title elementor-size-default\">Pareo<\/h2>\t\t\t\t<\/div>\n\t\t\t\t<div class=\"elementor-element elementor-element-4833c0c elementor-widget elementor-widget-text-editor\" data-id=\"4833c0c\" data-element_type=\"widget\" data-e-type=\"widget\" data-widget_type=\"text-editor.default\">\n\t\t\t\t\t\t\t\t\t<p>Pare-vent panoramique en verre<\/p>\t\t\t\t\t\t\t\t<\/div>\n\t\t\t\t\t<\/div>\n\t\t\t\t<\/a>\n\t\t<a class=\"elementor-element elementor-element-e217544 link-card e-flex e-con-boxed e-con e-child\" data-id=\"e217544\" data-element_type=\"container\" data-e-type=\"container\" href=\"https:\/\/www.protezionisrl.com\/fr\/visio\/\">\n\t\t\t\t\t<div class=\"e-con-inner\">\n\t\t\t\t<div class=\"elementor-element elementor-element-b65577d elementor-widget elementor-widget-custom_image\" data-id=\"b65577d\" data-element_type=\"widget\" data-e-type=\"widget\" data-widget_type=\"custom_image.default\">\n\t\t\t\t\t\t\t<div class=\"qodef-shortcode qodef-m qodef-single-image qodef-layout--default qodef--has-appear\">\n\t\t\t<div class=\"qodef-m-image\">\n\n\t\t\t\t\n\t\t\t\t\n\t\t\t\t<img loading=\"lazy\" decoding=\"async\" width=\"1000\" height=\"667\" src=\"https:\/\/www.protezionisrl.com\/wp-content\/uploads\/2026\/02\/visio-img01-medium.jpg\" class=\"attachment-large size-large wp-image-136\" alt=\"\" srcset=\"https:\/\/www.protezionisrl.com\/wp-content\/uploads\/2026\/02\/visio-img01-medium.jpg 1000w, https:\/\/www.protezionisrl.com\/wp-content\/uploads\/2026\/02\/visio-img01-medium-300x200.jpg 300w, https:\/\/www.protezionisrl.com\/wp-content\/uploads\/2026\/02\/visio-img01-medium-768x512.jpg 768w, https:\/\/www.protezionisrl.com\/wp-content\/uploads\/2026\/02\/visio-img01-medium-600x400.jpg 600w\" sizes=\"(max-width: 1000px) 100vw, 1000px\" \/>\n\t\t\t\t\n\t\t\t\t\n\t\t\t<\/div><!-- \/.qodef-m-image -->\n\t\t<\/div><!-- \/.qodef-shortcode -->\n\t\t\t\t\t\t<\/div>\n\t\t\t\t<div class=\"elementor-element elementor-element-9f189bf elementor-widget elementor-widget-heading\" data-id=\"9f189bf\" data-element_type=\"widget\" data-e-type=\"widget\" data-widget_type=\"heading.default\">\n\t\t\t\t\t<h2 class=\"elementor-heading-title elementor-size-default\">Visio<\/h2>\t\t\t\t<\/div>\n\t\t\t\t<div class=\"elementor-element elementor-element-a481825 elementor-widget elementor-widget-text-editor\" data-id=\"a481825\" data-element_type=\"widget\" data-e-type=\"widget\" data-widget_type=\"text-editor.default\">\n\t\t\t\t\t\t\t\t\t<p>Vitrage panoramique<\/p>\t\t\t\t\t\t\t\t<\/div>\n\t\t\t\t\t<\/div>\n\t\t\t\t<\/a>\n\t\t<a class=\"elementor-element elementor-element-13ee69d link-card e-flex e-con-boxed e-con e-child\" data-id=\"13ee69d\" data-element_type=\"container\" data-e-type=\"container\" href=\"\/fr\/configurateur-3d\/\">\n\t\t\t\t\t<div class=\"e-con-inner\">\n\t\t\t\t<div class=\"elementor-element elementor-element-f2d564a elementor-widget elementor-widget-custom_image\" data-id=\"f2d564a\" data-element_type=\"widget\" data-e-type=\"widget\" data-widget_type=\"custom_image.default\">\n\t\t\t\t\t\t\t<div class=\"qodef-shortcode qodef-m qodef-single-image qodef-layout--default qodef--has-appear\">\n\t\t\t<div class=\"qodef-m-image\">\n\n\t\t\t\t\n\t\t\t\t\n\t\t\t\t<img loading=\"lazy\" decoding=\"async\" width=\"876\" height=\"1024\" src=\"https:\/\/www.protezionisrl.com\/wp-content\/uploads\/2026\/02\/img-office-876x1024.jpg\" class=\"attachment-large size-large wp-image-530\" alt=\"\" srcset=\"https:\/\/www.protezionisrl.com\/wp-content\/uploads\/2026\/02\/img-office-876x1024.jpg 876w, https:\/\/www.protezionisrl.com\/wp-content\/uploads\/2026\/02\/img-office-257x300.jpg 257w, https:\/\/www.protezionisrl.com\/wp-content\/uploads\/2026\/02\/img-office-768x897.jpg 768w, https:\/\/www.protezionisrl.com\/wp-content\/uploads\/2026\/02\/img-office-1315x1536.jpg 1315w, https:\/\/www.protezionisrl.com\/wp-content\/uploads\/2026\/02\/img-office-1753x2048.jpg 1753w, https:\/\/www.protezionisrl.com\/wp-content\/uploads\/2026\/02\/img-office-600x701.jpg 600w\" sizes=\"(max-width: 876px) 100vw, 876px\" \/>\n\t\t\t\t\n\t\t\t\t\n\t\t\t<\/div><!-- \/.qodef-m-image -->\n\t\t<\/div><!-- \/.qodef-shortcode -->\n\t\t\t\t\t\t<\/div>\n\t\t\t\t<div class=\"elementor-element elementor-element-6b52a3a elementor-widget elementor-widget-heading\" data-id=\"6b52a3a\" data-element_type=\"widget\" data-e-type=\"widget\" data-widget_type=\"heading.default\">\n\t\t\t\t\t<h2 class=\"elementor-heading-title elementor-size-default\">Configurateur 3D<\/h2>\t\t\t\t<\/div>\n\t\t\t\t<div class=\"elementor-element elementor-element-4c6adf5 elementor-widget elementor-widget-text-editor\" data-id=\"4c6adf5\" data-element_type=\"widget\" data-e-type=\"widget\" data-widget_type=\"text-editor.default\">\n\t\t\t\t\t\t\t\t\t<p>Cr\u00e9ez, d\u00e8s \u00e0 pr\u00e9sent, votre espace ext\u00e9rieur sans limites<\/p>\t\t\t\t\t\t\t\t<\/div>\n\t\t\t\t\t<\/div>\n\t\t\t\t<\/a>\n\t\t\t\t<\/div>\n\t\t\t\t<\/div>\n\t\t","protected":false},"excerpt":{"rendered":"<p>Home PRODUITS La libert\u00e9 de vivre en plein air, \u00e0 l\u2019abri des intemp\u00e9ries. Le plaisir d\u2019un horizon sans limites et d\u2019un espace ext\u00e9rieur r\u00e9ellement utilisable en toute saison. D\u00e9couvrez les solutions Protezioni : des couvertures ALL SEASON fixes et mobiles, des vitrages panoramiques et des balustrades t\u00e9lescopiques haute performance, con\u00e7ues et fabriqu\u00e9es en Italie pour [&hellip;]<\/p>\n","protected":false},"author":3,"featured_media":0,"parent":0,"menu_order":0,"comment_status":"closed","ping_status":"closed","template":"","meta":{"footnotes":""},"class_list":["post-6953","page","type-page","status-publish","hentry"],"yoast_head":"<!-- This site is optimized with the Yoast SEO plugin v27.4 - https:\/\/yoast.com\/product\/yoast-seo-wordpress\/ -->\n<title>Produits - Protezioni Srl<\/title>\n<meta name=\"robots\" content=\"index, follow, max-snippet:-1, max-image-preview:large, max-video-preview:-1\" \/>\n<link rel=\"canonical\" href=\"https:\/\/www.protezionisrl.com\/fr\/produits\/\" \/>\n<meta property=\"og:locale\" content=\"fr_FR\" \/>\n<meta property=\"og:type\" content=\"article\" \/>\n<meta property=\"og:title\" content=\"Produits - Protezioni Srl\" \/>\n<meta property=\"og:description\" content=\"Home PRODUITS La libert\u00e9 de vivre en plein air, \u00e0 l\u2019abri des intemp\u00e9ries. Le plaisir d\u2019un horizon sans limites et d\u2019un espace ext\u00e9rieur r\u00e9ellement utilisable en toute saison. D\u00e9couvrez les solutions Protezioni : des couvertures ALL SEASON fixes et mobiles, des vitrages panoramiques et des balustrades t\u00e9lescopiques haute performance, con\u00e7ues et fabriqu\u00e9es en Italie pour [&hellip;]\" \/>\n<meta property=\"og:url\" content=\"https:\/\/www.protezionisrl.com\/fr\/produits\/\" \/>\n<meta property=\"og:site_name\" content=\"Protezioni Srl\" \/>\n<meta property=\"article:modified_time\" content=\"2026-04-15T10:44:49+00:00\" \/>\n<meta property=\"og:image\" content=\"https:\/\/www.protezionisrl.com\/wp-content\/uploads\/2026\/02\/nesos-img01-medium.jpg\" \/>\n<meta name=\"twitter:card\" content=\"summary_large_image\" \/>\n<meta name=\"twitter:label1\" content=\"Dur\u00e9e de lecture estim\u00e9e\" \/>\n\t<meta name=\"twitter:data1\" content=\"2 minutes\" \/>\n<script type=\"application\/ld+json\" class=\"yoast-schema-graph\">{\"@context\":\"https:\\\/\\\/schema.org\",\"@graph\":[{\"@type\":\"WebPage\",\"@id\":\"https:\\\/\\\/www.protezionisrl.com\\\/fr\\\/produits\\\/\",\"url\":\"https:\\\/\\\/www.protezionisrl.com\\\/fr\\\/produits\\\/\",\"name\":\"Produits - Protezioni Srl\",\"isPartOf\":{\"@id\":\"https:\\\/\\\/www.protezionisrl.com\\\/#website\"},\"primaryImageOfPage\":{\"@id\":\"https:\\\/\\\/www.protezionisrl.com\\\/fr\\\/produits\\\/#primaryimage\"},\"image\":{\"@id\":\"https:\\\/\\\/www.protezionisrl.com\\\/fr\\\/produits\\\/#primaryimage\"},\"thumbnailUrl\":\"https:\\\/\\\/www.protezionisrl.com\\\/wp-content\\\/uploads\\\/2026\\\/02\\\/nesos-img01-medium.jpg\",\"datePublished\":\"2026-02-16T11:09:06+00:00\",\"dateModified\":\"2026-04-15T10:44:49+00:00\",\"breadcrumb\":{\"@id\":\"https:\\\/\\\/www.protezionisrl.com\\\/fr\\\/produits\\\/#breadcrumb\"},\"inLanguage\":\"fr-FR\",\"potentialAction\":[{\"@type\":\"ReadAction\",\"target\":[\"https:\\\/\\\/www.protezionisrl.com\\\/fr\\\/produits\\\/\"]}]},{\"@type\":\"ImageObject\",\"inLanguage\":\"fr-FR\",\"@id\":\"https:\\\/\\\/www.protezionisrl.com\\\/fr\\\/produits\\\/#primaryimage\",\"url\":\"https:\\\/\\\/www.protezionisrl.com\\\/wp-content\\\/uploads\\\/2026\\\/02\\\/nesos-img01-medium.jpg\",\"contentUrl\":\"https:\\\/\\\/www.protezionisrl.com\\\/wp-content\\\/uploads\\\/2026\\\/02\\\/nesos-img01-medium.jpg\"},{\"@type\":\"BreadcrumbList\",\"@id\":\"https:\\\/\\\/www.protezionisrl.com\\\/fr\\\/produits\\\/#breadcrumb\",\"itemListElement\":[{\"@type\":\"ListItem\",\"position\":1,\"name\":\"Home\",\"item\":\"https:\\\/\\\/www.protezionisrl.com\\\/fr\\\/\"},{\"@type\":\"ListItem\",\"position\":2,\"name\":\"Produits\"}]},{\"@type\":\"WebSite\",\"@id\":\"https:\\\/\\\/www.protezionisrl.com\\\/#website\",\"url\":\"https:\\\/\\\/www.protezionisrl.com\\\/\",\"name\":\"Protezioni Srl\",\"description\":\"\",\"publisher\":{\"@id\":\"https:\\\/\\\/www.protezionisrl.com\\\/#organization\"},\"potentialAction\":[{\"@type\":\"SearchAction\",\"target\":{\"@type\":\"EntryPoint\",\"urlTemplate\":\"https:\\\/\\\/www.protezionisrl.com\\\/?s={search_term_string}\"},\"query-input\":{\"@type\":\"PropertyValueSpecification\",\"valueRequired\":true,\"valueName\":\"search_term_string\"}}],\"inLanguage\":\"fr-FR\"},{\"@type\":\"Organization\",\"@id\":\"https:\\\/\\\/www.protezionisrl.com\\\/#organization\",\"name\":\"Protezioni Srl\",\"url\":\"https:\\\/\\\/www.protezionisrl.com\\\/\",\"logo\":{\"@type\":\"ImageObject\",\"inLanguage\":\"fr-FR\",\"@id\":\"https:\\\/\\\/www.protezionisrl.com\\\/#\\\/schema\\\/logo\\\/image\\\/\",\"url\":\"https:\\\/\\\/www.protezionisrl.com\\\/wp-content\\\/uploads\\\/2026\\\/02\\\/logo-protezioni.svg\",\"contentUrl\":\"https:\\\/\\\/www.protezionisrl.com\\\/wp-content\\\/uploads\\\/2026\\\/02\\\/logo-protezioni.svg\",\"width\":139,\"height\":24,\"caption\":\"Protezioni Srl\"},\"image\":{\"@id\":\"https:\\\/\\\/www.protezionisrl.com\\\/#\\\/schema\\\/logo\\\/image\\\/\"}}]}<\/script>\n<!-- \/ Yoast SEO plugin. -->","yoast_head_json":{"title":"Produits - Protezioni Srl","robots":{"index":"index","follow":"follow","max-snippet":"max-snippet:-1","max-image-preview":"max-image-preview:large","max-video-preview":"max-video-preview:-1"},"canonical":"https:\/\/www.protezionisrl.com\/fr\/produits\/","og_locale":"fr_FR","og_type":"article","og_title":"Produits - Protezioni Srl","og_description":"Home PRODUITS La libert\u00e9 de vivre en plein air, \u00e0 l\u2019abri des intemp\u00e9ries. Le plaisir d\u2019un horizon sans limites et d\u2019un espace ext\u00e9rieur r\u00e9ellement utilisable en toute saison. D\u00e9couvrez les solutions Protezioni : des couvertures ALL SEASON fixes et mobiles, des vitrages panoramiques et des balustrades t\u00e9lescopiques haute performance, con\u00e7ues et fabriqu\u00e9es en Italie pour [&hellip;]","og_url":"https:\/\/www.protezionisrl.com\/fr\/produits\/","og_site_name":"Protezioni Srl","article_modified_time":"2026-04-15T10:44:49+00:00","og_image":[{"url":"https:\/\/www.protezionisrl.com\/wp-content\/uploads\/2026\/02\/nesos-img01-medium.jpg","type":"","width":"","height":""}],"twitter_card":"summary_large_image","twitter_misc":{"Dur\u00e9e de lecture estim\u00e9e":"2 minutes"},"schema":{"@context":"https:\/\/schema.org","@graph":[{"@type":"WebPage","@id":"https:\/\/www.protezionisrl.com\/fr\/produits\/","url":"https:\/\/www.protezionisrl.com\/fr\/produits\/","name":"Produits - Protezioni Srl","isPartOf":{"@id":"https:\/\/www.protezionisrl.com\/#website"},"primaryImageOfPage":{"@id":"https:\/\/www.protezionisrl.com\/fr\/produits\/#primaryimage"},"image":{"@id":"https:\/\/www.protezionisrl.com\/fr\/produits\/#primaryimage"},"thumbnailUrl":"https:\/\/www.protezionisrl.com\/wp-content\/uploads\/2026\/02\/nesos-img01-medium.jpg","datePublished":"2026-02-16T11:09:06+00:00","dateModified":"2026-04-15T10:44:49+00:00","breadcrumb":{"@id":"https:\/\/www.protezionisrl.com\/fr\/produits\/#breadcrumb"},"inLanguage":"fr-FR","potentialAction":[{"@type":"ReadAction","target":["https:\/\/www.protezionisrl.com\/fr\/produits\/"]}]},{"@type":"ImageObject","inLanguage":"fr-FR","@id":"https:\/\/www.protezionisrl.com\/fr\/produits\/#primaryimage","url":"https:\/\/www.protezionisrl.com\/wp-content\/uploads\/2026\/02\/nesos-img01-medium.jpg","contentUrl":"https:\/\/www.protezionisrl.com\/wp-content\/uploads\/2026\/02\/nesos-img01-medium.jpg"},{"@type":"BreadcrumbList","@id":"https:\/\/www.protezionisrl.com\/fr\/produits\/#breadcrumb","itemListElement":[{"@type":"ListItem","position":1,"name":"Home","item":"https:\/\/www.protezionisrl.com\/fr\/"},{"@type":"ListItem","position":2,"name":"Produits"}]},{"@type":"WebSite","@id":"https:\/\/www.protezionisrl.com\/#website","url":"https:\/\/www.protezionisrl.com\/","name":"Protezioni Srl","description":"","publisher":{"@id":"https:\/\/www.protezionisrl.com\/#organization"},"potentialAction":[{"@type":"SearchAction","target":{"@type":"EntryPoint","urlTemplate":"https:\/\/www.protezionisrl.com\/?s={search_term_string}"},"query-input":{"@type":"PropertyValueSpecification","valueRequired":true,"valueName":"search_term_string"}}],"inLanguage":"fr-FR"},{"@type":"Organization","@id":"https:\/\/www.protezionisrl.com\/#organization","name":"Protezioni Srl","url":"https:\/\/www.protezionisrl.com\/","logo":{"@type":"ImageObject","inLanguage":"fr-FR","@id":"https:\/\/www.protezionisrl.com\/#\/schema\/logo\/image\/","url":"https:\/\/www.protezionisrl.com\/wp-content\/uploads\/2026\/02\/logo-protezioni.svg","contentUrl":"https:\/\/www.protezionisrl.com\/wp-content\/uploads\/2026\/02\/logo-protezioni.svg","width":139,"height":24,"caption":"Protezioni Srl"},"image":{"@id":"https:\/\/www.protezionisrl.com\/#\/schema\/logo\/image\/"}}]}},"_links":{"self":[{"href":"https:\/\/www.protezionisrl.com\/fr\/wp-json\/wp\/v2\/pages\/6953","targetHints":{"allow":["GET"]}}],"collection":[{"href":"https:\/\/www.protezionisrl.com\/fr\/wp-json\/wp\/v2\/pages"}],"about":[{"href":"https:\/\/www.protezionisrl.com\/fr\/wp-json\/wp\/v2\/types\/page"}],"author":[{"embeddable":true,"href":"https:\/\/www.protezionisrl.com\/fr\/wp-json\/wp\/v2\/users\/3"}],"replies":[{"embeddable":true,"href":"https:\/\/www.protezionisrl.com\/fr\/wp-json\/wp\/v2\/comments?post=6953"}],"version-history":[{"count":7,"href":"https:\/\/www.protezionisrl.com\/fr\/wp-json\/wp\/v2\/pages\/6953\/revisions"}],"predecessor-version":[{"id":7409,"href":"https:\/\/www.protezionisrl.com\/fr\/wp-json\/wp\/v2\/pages\/6953\/revisions\/7409"}],"wp:attachment":[{"href":"https:\/\/www.protezionisrl.com\/fr\/wp-json\/wp\/v2\/media?parent=6953"}],"curies":[{"name":"wp","href":"https:\/\/api.w.org\/{rel}","templated":true}]}}