{"id":7060,"date":"2026-03-05T14:17:00","date_gmt":"2026-03-05T13:17:00","guid":{"rendered":"https:\/\/www.protezionisrl.com\/area-riservata\/"},"modified":"2026-04-16T13:49:42","modified_gmt":"2026-04-16T11:49:42","slug":"espace-reserve","status":"publish","type":"page","link":"https:\/\/www.protezionisrl.com\/fr\/espace-reserve\/","title":{"rendered":"Espace r\u00e9serv\u00e9"},"content":{"rendered":"\t\t<div data-elementor-type=\"wp-page\" data-elementor-id=\"7060\" class=\"elementor elementor-7060 elementor-2525\">\n\t\t\t\t<div class=\"elementor-element elementor-element-19453358 e-con-full e-flex e-con e-parent\" data-id=\"19453358\" data-element_type=\"container\" data-e-type=\"container\">\n\t\t\t\t<div class=\"elementor-element elementor-element-3ad8d116 elementor-widget elementor-widget-custom_breadcrumb\" data-id=\"3ad8d116\" data-element_type=\"widget\" data-e-type=\"widget\" data-widget_type=\"custom_breadcrumb.default\">\n\t\t\t\t<div class=\"elementor-widget-container\">\n\t\t\t\t\t<nav aria-label=\"breadcrumb\"><ul class=\"breadcrumb\" style=\"display: flex; list-style: none; padding: 0; gap: 10px;\"><li class=\"breadcrumb-item\"><a href=\"https:\/\/www.protezionisrl.com\/fr\/\">Home<\/a><\/li><\/ul><\/nav>\t\t\t\t<\/div>\n\t\t\t\t<\/div>\n\t\t\t\t<\/div>\n\t\t<div class=\"elementor-element elementor-element-aa63c53 e-con-full e-flex e-con e-parent\" data-id=\"aa63c53\" data-element_type=\"container\" data-e-type=\"container\">\n\t\t\t\t<div class=\"elementor-element elementor-element-2aaf1ee elementor-widget elementor-widget-private_area_wpdm\" data-id=\"2aaf1ee\" data-element_type=\"widget\" data-e-type=\"widget\" data-widget_type=\"private_area_wpdm.default\">\n\t\t\t\t<div class=\"elementor-widget-container\">\n\t\t\t\t\t        <div class=\"custom-private-area-wrapper\">\n\n            \n                <aside class=\"sidebar\">\n                    <h1 class=\"main-title\">\n                        ESPACE R\u00c9SERV\u00c9                    <\/h1>\n                                            <h2 class=\"login-title\">\n                            Vous \u00eates designer, architecte ou revendeur?                        <\/h2>\n                                        <div class=\"description\"><p>Connectez-vous ou inscrivez-vous pour consulter \u00e0 tout moment les catalogues, la documentation technique et les outils num\u00e9riques qui vous permettront d\u2019\u00e9laborer vos projets de mani\u00e8re efficace.<\/p><p>Vous n'avez pas encore acc\u00e8s ? Contactez <a class=\"link-underline\" href=\"mailto:marketing@protezionisrl.com\" target=\"_blank\" rel=\"noopener\">marketing@protezionisrl.com<\/a> com pour demander vos identifiants.<\/p><\/div>                <\/aside>\n\n                <div class=\"login-container-custom\">\n                                        <form name=\"loginform-custom\" id=\"loginform-custom\" action=\"https:\/\/www.protezionisrl.com\/fr\/wp-login.php\" method=\"post\" data-bd-protect>\n                        <p class=\"login-username\">\n                            <label for=\"user_login\">Nom d'utilisateur<\/label>\n                            <input type=\"text\" name=\"log\" id=\"user_login\" autocomplete=\"username\" class=\"input\" value=\"\" size=\"20\">\n                        <\/p>\n                        <p class=\"login-password\">\n                            <label for=\"user_pass\">Mot de passe<\/label>\n                            <input type=\"password\" name=\"pwd\" id=\"user_pass\" autocomplete=\"current-password\" spellcheck=\"false\" class=\"input\" value=\"\" size=\"20\">\n                        <\/p>\n                                                <p class=\"login-remember\">\n                            <label>\n                                <input name=\"rememberme\" type=\"checkbox\" id=\"rememberme\" value=\"forever\">\n                                Se souvenir de moi                            <\/label>\n                        <\/p>\n                                                <p class=\"login-submit\">\n                            <input type=\"submit\" name=\"wp-submit\" id=\"wp-submit\" class=\"button button-primary\" value=\"Se connecter\">\n                            <input type=\"hidden\" name=\"redirect_to\" value=\"https:\/\/www.protezionisrl.com\/fr\/espace-reserve\/\">\n                        <\/p>\n                    <\/form>\n                <\/div>\n\n            \n        <\/div>\n        \t\t\t\t<\/div>\n\t\t\t\t<\/div>\n\t\t\t\t<\/div>\n\t\t\t\t<\/div>\n\t\t","protected":false},"excerpt":{"rendered":"<p>Home ESPACE R\u00c9SERV\u00c9 Ciao, marco.parpinelli LOGOUT Commercial Aucun t\u00e9l\u00e9chargement n\u2019a \u00e9t\u00e9 trouv\u00e9\u00a0! Formulaires de commande Pareo Floor 2023 1 fichier\u00b7s 0.00 KB T\u00e9l\u00e9charger Pareo Top 2023 1 fichier\u00b7s 0.00 KB T\u00e9l\u00e9charger Timpano telaio fisso 2023 1 fichier\u00b7s 0.00 KB T\u00e9l\u00e9charger Pareo Up Balaustra 2023 1 fichier\u00b7s 0.00 KB T\u00e9l\u00e9charger Pareo Up 2023 1 fichier\u00b7s 0.00 [&hellip;]<\/p>\n","protected":false},"author":3,"featured_media":0,"parent":0,"menu_order":0,"comment_status":"closed","ping_status":"closed","template":"","meta":{"footnotes":""},"class_list":["post-7060","page","type-page","status-publish","hentry"],"yoast_head":"<!-- This site is optimized with the Yoast SEO plugin v27.4 - https:\/\/yoast.com\/product\/yoast-seo-wordpress\/ -->\n<title>Espace r\u00e9serv\u00e9 - Protezioni Srl<\/title>\n<meta name=\"robots\" content=\"index, follow, max-snippet:-1, max-image-preview:large, max-video-preview:-1\" \/>\n<link rel=\"canonical\" href=\"https:\/\/www.protezionisrl.com\/fr\/espace-reserve\/\" \/>\n<meta property=\"og:locale\" content=\"fr_FR\" \/>\n<meta property=\"og:type\" content=\"article\" \/>\n<meta property=\"og:title\" content=\"Espace r\u00e9serv\u00e9 - Protezioni Srl\" \/>\n<meta property=\"og:description\" content=\"Home ESPACE R\u00c9SERV\u00c9 Ciao, marco.parpinelli LOGOUT Commercial Aucun t\u00e9l\u00e9chargement n\u2019a \u00e9t\u00e9 trouv\u00e9\u00a0! Formulaires de commande Pareo Floor 2023 1 fichier\u00b7s 0.00 KB T\u00e9l\u00e9charger Pareo Top 2023 1 fichier\u00b7s 0.00 KB T\u00e9l\u00e9charger Timpano telaio fisso 2023 1 fichier\u00b7s 0.00 KB T\u00e9l\u00e9charger Pareo Up Balaustra 2023 1 fichier\u00b7s 0.00 KB T\u00e9l\u00e9charger Pareo Up 2023 1 fichier\u00b7s 0.00 [&hellip;]\" \/>\n<meta property=\"og:url\" content=\"https:\/\/www.protezionisrl.com\/fr\/espace-reserve\/\" \/>\n<meta property=\"og:site_name\" content=\"Protezioni Srl\" \/>\n<meta property=\"article:modified_time\" content=\"2026-04-16T11:49:42+00:00\" \/>\n<meta property=\"og:image\" content=\"https:\/\/www.protezionisrl.com\/wp-content\/plugins\/download-manager\/assets\/file-type-icons\/pdf.svg\" \/>\n<meta name=\"twitter:card\" content=\"summary_large_image\" \/>\n<meta name=\"twitter:label1\" content=\"Dur\u00e9e de lecture estim\u00e9e\" \/>\n\t<meta name=\"twitter:data1\" content=\"1 minute\" \/>\n<script type=\"application\/ld+json\" class=\"yoast-schema-graph\">{\"@context\":\"https:\\\/\\\/schema.org\",\"@graph\":[{\"@type\":\"WebPage\",\"@id\":\"https:\\\/\\\/www.protezionisrl.com\\\/fr\\\/espace-reserve\\\/\",\"url\":\"https:\\\/\\\/www.protezionisrl.com\\\/fr\\\/espace-reserve\\\/\",\"name\":\"Espace r\u00e9serv\u00e9 - Protezioni Srl\",\"isPartOf\":{\"@id\":\"https:\\\/\\\/www.protezionisrl.com\\\/#website\"},\"primaryImageOfPage\":{\"@id\":\"https:\\\/\\\/www.protezionisrl.com\\\/fr\\\/espace-reserve\\\/#primaryimage\"},\"image\":{\"@id\":\"https:\\\/\\\/www.protezionisrl.com\\\/fr\\\/espace-reserve\\\/#primaryimage\"},\"thumbnailUrl\":\"https:\\\/\\\/www.protezionisrl.com\\\/wp-content\\\/plugins\\\/download-manager\\\/assets\\\/file-type-icons\\\/pdf.svg\",\"datePublished\":\"2026-03-05T13:17:00+00:00\",\"dateModified\":\"2026-04-16T11:49:42+00:00\",\"breadcrumb\":{\"@id\":\"https:\\\/\\\/www.protezionisrl.com\\\/fr\\\/espace-reserve\\\/#breadcrumb\"},\"inLanguage\":\"fr-FR\",\"potentialAction\":[{\"@type\":\"ReadAction\",\"target\":[\"https:\\\/\\\/www.protezionisrl.com\\\/fr\\\/espace-reserve\\\/\"]}]},{\"@type\":\"ImageObject\",\"inLanguage\":\"fr-FR\",\"@id\":\"https:\\\/\\\/www.protezionisrl.com\\\/fr\\\/espace-reserve\\\/#primaryimage\",\"url\":\"https:\\\/\\\/www.protezionisrl.com\\\/wp-content\\\/plugins\\\/download-manager\\\/assets\\\/file-type-icons\\\/pdf.svg\",\"contentUrl\":\"https:\\\/\\\/www.protezionisrl.com\\\/wp-content\\\/plugins\\\/download-manager\\\/assets\\\/file-type-icons\\\/pdf.svg\"},{\"@type\":\"BreadcrumbList\",\"@id\":\"https:\\\/\\\/www.protezionisrl.com\\\/fr\\\/espace-reserve\\\/#breadcrumb\",\"itemListElement\":[{\"@type\":\"ListItem\",\"position\":1,\"name\":\"Home\",\"item\":\"https:\\\/\\\/www.protezionisrl.com\\\/fr\\\/\"},{\"@type\":\"ListItem\",\"position\":2,\"name\":\"Espace r\u00e9serv\u00e9\"}]},{\"@type\":\"WebSite\",\"@id\":\"https:\\\/\\\/www.protezionisrl.com\\\/#website\",\"url\":\"https:\\\/\\\/www.protezionisrl.com\\\/\",\"name\":\"Protezioni Srl\",\"description\":\"\",\"publisher\":{\"@id\":\"https:\\\/\\\/www.protezionisrl.com\\\/#organization\"},\"potentialAction\":[{\"@type\":\"SearchAction\",\"target\":{\"@type\":\"EntryPoint\",\"urlTemplate\":\"https:\\\/\\\/www.protezionisrl.com\\\/?s={search_term_string}\"},\"query-input\":{\"@type\":\"PropertyValueSpecification\",\"valueRequired\":true,\"valueName\":\"search_term_string\"}}],\"inLanguage\":\"fr-FR\"},{\"@type\":\"Organization\",\"@id\":\"https:\\\/\\\/www.protezionisrl.com\\\/#organization\",\"name\":\"Protezioni Srl\",\"url\":\"https:\\\/\\\/www.protezionisrl.com\\\/\",\"logo\":{\"@type\":\"ImageObject\",\"inLanguage\":\"fr-FR\",\"@id\":\"https:\\\/\\\/www.protezionisrl.com\\\/#\\\/schema\\\/logo\\\/image\\\/\",\"url\":\"https:\\\/\\\/www.protezionisrl.com\\\/wp-content\\\/uploads\\\/2026\\\/02\\\/logo-protezioni.svg\",\"contentUrl\":\"https:\\\/\\\/www.protezionisrl.com\\\/wp-content\\\/uploads\\\/2026\\\/02\\\/logo-protezioni.svg\",\"width\":139,\"height\":24,\"caption\":\"Protezioni Srl\"},\"image\":{\"@id\":\"https:\\\/\\\/www.protezionisrl.com\\\/#\\\/schema\\\/logo\\\/image\\\/\"}}]}<\/script>\n<!-- \/ Yoast SEO plugin. -->","yoast_head_json":{"title":"Espace r\u00e9serv\u00e9 - Protezioni Srl","robots":{"index":"index","follow":"follow","max-snippet":"max-snippet:-1","max-image-preview":"max-image-preview:large","max-video-preview":"max-video-preview:-1"},"canonical":"https:\/\/www.protezionisrl.com\/fr\/espace-reserve\/","og_locale":"fr_FR","og_type":"article","og_title":"Espace r\u00e9serv\u00e9 - Protezioni Srl","og_description":"Home ESPACE R\u00c9SERV\u00c9 Ciao, marco.parpinelli LOGOUT Commercial Aucun t\u00e9l\u00e9chargement n\u2019a \u00e9t\u00e9 trouv\u00e9\u00a0! Formulaires de commande Pareo Floor 2023 1 fichier\u00b7s 0.00 KB T\u00e9l\u00e9charger Pareo Top 2023 1 fichier\u00b7s 0.00 KB T\u00e9l\u00e9charger Timpano telaio fisso 2023 1 fichier\u00b7s 0.00 KB T\u00e9l\u00e9charger Pareo Up Balaustra 2023 1 fichier\u00b7s 0.00 KB T\u00e9l\u00e9charger Pareo Up 2023 1 fichier\u00b7s 0.00 [&hellip;]","og_url":"https:\/\/www.protezionisrl.com\/fr\/espace-reserve\/","og_site_name":"Protezioni Srl","article_modified_time":"2026-04-16T11:49:42+00:00","og_image":[{"url":"https:\/\/www.protezionisrl.com\/wp-content\/plugins\/download-manager\/assets\/file-type-icons\/pdf.svg","type":"","width":"","height":""}],"twitter_card":"summary_large_image","twitter_misc":{"Dur\u00e9e de lecture estim\u00e9e":"1 minute"},"schema":{"@context":"https:\/\/schema.org","@graph":[{"@type":"WebPage","@id":"https:\/\/www.protezionisrl.com\/fr\/espace-reserve\/","url":"https:\/\/www.protezionisrl.com\/fr\/espace-reserve\/","name":"Espace r\u00e9serv\u00e9 - Protezioni Srl","isPartOf":{"@id":"https:\/\/www.protezionisrl.com\/#website"},"primaryImageOfPage":{"@id":"https:\/\/www.protezionisrl.com\/fr\/espace-reserve\/#primaryimage"},"image":{"@id":"https:\/\/www.protezionisrl.com\/fr\/espace-reserve\/#primaryimage"},"thumbnailUrl":"https:\/\/www.protezionisrl.com\/wp-content\/plugins\/download-manager\/assets\/file-type-icons\/pdf.svg","datePublished":"2026-03-05T13:17:00+00:00","dateModified":"2026-04-16T11:49:42+00:00","breadcrumb":{"@id":"https:\/\/www.protezionisrl.com\/fr\/espace-reserve\/#breadcrumb"},"inLanguage":"fr-FR","potentialAction":[{"@type":"ReadAction","target":["https:\/\/www.protezionisrl.com\/fr\/espace-reserve\/"]}]},{"@type":"ImageObject","inLanguage":"fr-FR","@id":"https:\/\/www.protezionisrl.com\/fr\/espace-reserve\/#primaryimage","url":"https:\/\/www.protezionisrl.com\/wp-content\/plugins\/download-manager\/assets\/file-type-icons\/pdf.svg","contentUrl":"https:\/\/www.protezionisrl.com\/wp-content\/plugins\/download-manager\/assets\/file-type-icons\/pdf.svg"},{"@type":"BreadcrumbList","@id":"https:\/\/www.protezionisrl.com\/fr\/espace-reserve\/#breadcrumb","itemListElement":[{"@type":"ListItem","position":1,"name":"Home","item":"https:\/\/www.protezionisrl.com\/fr\/"},{"@type":"ListItem","position":2,"name":"Espace r\u00e9serv\u00e9"}]},{"@type":"WebSite","@id":"https:\/\/www.protezionisrl.com\/#website","url":"https:\/\/www.protezionisrl.com\/","name":"Protezioni Srl","description":"","publisher":{"@id":"https:\/\/www.protezionisrl.com\/#organization"},"potentialAction":[{"@type":"SearchAction","target":{"@type":"EntryPoint","urlTemplate":"https:\/\/www.protezionisrl.com\/?s={search_term_string}"},"query-input":{"@type":"PropertyValueSpecification","valueRequired":true,"valueName":"search_term_string"}}],"inLanguage":"fr-FR"},{"@type":"Organization","@id":"https:\/\/www.protezionisrl.com\/#organization","name":"Protezioni Srl","url":"https:\/\/www.protezionisrl.com\/","logo":{"@type":"ImageObject","inLanguage":"fr-FR","@id":"https:\/\/www.protezionisrl.com\/#\/schema\/logo\/image\/","url":"https:\/\/www.protezionisrl.com\/wp-content\/uploads\/2026\/02\/logo-protezioni.svg","contentUrl":"https:\/\/www.protezionisrl.com\/wp-content\/uploads\/2026\/02\/logo-protezioni.svg","width":139,"height":24,"caption":"Protezioni Srl"},"image":{"@id":"https:\/\/www.protezionisrl.com\/#\/schema\/logo\/image\/"}}]}},"_links":{"self":[{"href":"https:\/\/www.protezionisrl.com\/fr\/wp-json\/wp\/v2\/pages\/7060","targetHints":{"allow":["GET"]}}],"collection":[{"href":"https:\/\/www.protezionisrl.com\/fr\/wp-json\/wp\/v2\/pages"}],"about":[{"href":"https:\/\/www.protezionisrl.com\/fr\/wp-json\/wp\/v2\/types\/page"}],"author":[{"embeddable":true,"href":"https:\/\/www.protezionisrl.com\/fr\/wp-json\/wp\/v2\/users\/3"}],"replies":[{"embeddable":true,"href":"https:\/\/www.protezionisrl.com\/fr\/wp-json\/wp\/v2\/comments?post=7060"}],"version-history":[{"count":16,"href":"https:\/\/www.protezionisrl.com\/fr\/wp-json\/wp\/v2\/pages\/7060\/revisions"}],"predecessor-version":[{"id":7598,"href":"https:\/\/www.protezionisrl.com\/fr\/wp-json\/wp\/v2\/pages\/7060\/revisions\/7598"}],"wp:attachment":[{"href":"https:\/\/www.protezionisrl.com\/fr\/wp-json\/wp\/v2\/media?parent=7060"}],"curies":[{"name":"wp","href":"https:\/\/api.w.org\/{rel}","templated":true}]}}