{"id":7091,"date":"2026-02-13T12:25:34","date_gmt":"2026-02-13T11:25:34","guid":{"rendered":"https:\/\/www.protezionisrl.com\/nubes\/"},"modified":"2026-04-16T16:04:01","modified_gmt":"2026-04-16T14:04:01","slug":"nubes","status":"publish","type":"page","link":"https:\/\/www.protezionisrl.com\/fr\/nubes\/","title":{"rendered":"Nubes"},"content":{"rendered":"\t\t<div data-elementor-type=\"wp-page\" data-elementor-id=\"7091\" class=\"elementor elementor-7091 elementor-284\">\n\t\t\t\t<div class=\"elementor-element elementor-element-407a4823 e-con-full e-flex e-con e-parent\" data-id=\"407a4823\" data-element_type=\"container\" data-e-type=\"container\">\n\t\t\t\t<div class=\"elementor-element elementor-element-76d449b5 elementor-widget elementor-widget-custom_breadcrumb\" data-id=\"76d449b5\" data-element_type=\"widget\" data-e-type=\"widget\" data-widget_type=\"custom_breadcrumb.default\">\n\t\t\t\t<div class=\"elementor-widget-container\">\n\t\t\t\t\t<nav aria-label=\"breadcrumb\"><ul class=\"breadcrumb\" style=\"display: flex; list-style: none; padding: 0; gap: 10px;\"><li class=\"breadcrumb-item\"><a href=\"https:\/\/www.protezionisrl.com\/fr\/\">Home<\/a><\/li><li class=\"breadcrumb-item\"><a href=\"https:\/\/www.protezionisrl.com\/fr\/produits\/\">Produits<\/a><\/li><\/ul><\/nav>\t\t\t\t<\/div>\n\t\t\t\t<\/div>\n\t\t\t\t<\/div>\n\t\t<div class=\"elementor-element elementor-element-77819e0 e-con-full e-flex e-con e-parent\" data-id=\"77819e0\" data-element_type=\"container\" data-e-type=\"container\" data-settings=\"{&quot;background_background&quot;:&quot;classic&quot;}\">\n\t\t\t\t<div class=\"elementor-element elementor-element-7447a9e elementor-widget elementor-widget-interactive_image_links\" data-id=\"7447a9e\" data-element_type=\"widget\" data-e-type=\"widget\" data-widget_type=\"interactive_image_links.default\">\n\t\t\t\t<div class=\"elementor-widget-container\">\n\t\t\t\t\t\n                                    <div class=\" elementor-hidden-desktop\">\n                    \t            <div class=\"iil-header\">\n                                    <h2 class=\"iil-header-title\">NUBES<\/h2>\n                \n                                    <div class=\"iil-header-description\"><h3 style=\"font-weight: 500;margin:0;max-width:350px\">Couverture ALL SEASON en pente, adoss\u00e9e au mur<\/h3><br \/>\n<i>Lever les yeux devient le geste naturel<br \/>\ndu nouvel espace ext\u00e9rieur<\/i><br \/>\n<br \/>\nLes espaces de vie prot\u00e9g\u00e9s s\u2019ouvrent naturellement sur l\u2019ext\u00e9rieur gr\u00e2ce \u00e0 Nubes, la collection de couvertures ALL SEASON en pente au design minimaliste, qui offre des configurations illimit\u00e9es. <br \/>\nTrois mod\u00e8les, tous adoss\u00e9s au mur, offrent des possibilit\u00e9s d\u2019utilisation infinies. Toujours avec le confort et la s\u00e9curit\u00e9 d\u2019un espace \u00e0 l\u2019abri de la pluie, de la neige et du vent.<br \/>\n<\/div>\n                \n                            <\/div>\n                                   \n                    <\/div>\n                        <div class=\"iil-widget\" data-widget-id=\"iil-7447a9e\">\n            \n            <div class=\"iil-links\" style=\"flex: 0 0 50%; order: 1;\">\n                \n                                    <div class=\" elementor-hidden-phone elementor-hidden-tablet\">\n                    \t            <div class=\"iil-header\">\n                                    <h2 class=\"iil-header-title\">NUBES<\/h2>\n                \n                                    <div class=\"iil-header-description\"><h3 style=\"font-weight: 500;margin:0;max-width:350px\">Couverture ALL SEASON en pente, adoss\u00e9e au mur<\/h3><br \/>\n<i>Lever les yeux devient le geste naturel<br \/>\ndu nouvel espace ext\u00e9rieur<\/i><br \/>\n<br \/>\nLes espaces de vie prot\u00e9g\u00e9s s\u2019ouvrent naturellement sur l\u2019ext\u00e9rieur gr\u00e2ce \u00e0 Nubes, la collection de couvertures ALL SEASON en pente au design minimaliste, qui offre des configurations illimit\u00e9es. <br \/>\nTrois mod\u00e8les, tous adoss\u00e9s au mur, offrent des possibilit\u00e9s d\u2019utilisation infinies. Toujours avec le confort et la s\u00e9curit\u00e9 d\u2019un espace \u00e0 l\u2019abri de la pluie, de la neige et du vent.<br \/>\n<\/div>\n                \n                            <\/div>\n                                   \n                    <\/div>\n                \n                <div class=\"iil-links-list\">\n                                            <a href=\"https:\/\/www.protezionisrl.com\/fr\/nubes-fix\/\" \n                           class=\"iil-link-item iil-active\" \n                           data-index=\"0\">\n                            <span class=\"iil-link-title\">Nubes Fix<\/span>\n                        <\/a>\n                                            <a href=\"https:\/\/www.protezionisrl.com\/fr\/nubes-mob\/\" \n                           class=\"iil-link-item \" \n                           data-index=\"1\">\n                            <span class=\"iil-link-title\">Nubes Mob<\/span>\n                        <\/a>\n                                            <a href=\"https:\/\/www.protezionisrl.com\/fr\/nubes-tt\/\" \n                           class=\"iil-link-item \" \n                           data-index=\"2\">\n                            <span class=\"iil-link-title\">Nubes TT<\/span>\n                        <\/a>\n                                    <\/div>\n\n            <\/div>\n\n            <div class=\"iil-images\" style=\"flex: 0 0 50%; order: 2;\">\n                                    <div class=\"iil-image-item iil-active\" \n                         data-index=\"0\"\n                         style=\"background-image: url('https:\/\/www.protezionisrl.com\/wp-content\/uploads\/2026\/02\/nubes-fix-img-category.jpg');\">\n                    <\/div>\n                                    <div class=\"iil-image-item \" \n                         data-index=\"1\"\n                         style=\"background-image: url('https:\/\/www.protezionisrl.com\/wp-content\/uploads\/2026\/02\/nubes-mob-img-category.jpg');\">\n                    <\/div>\n                                    <div class=\"iil-image-item \" \n                         data-index=\"2\"\n                         style=\"background-image: url('https:\/\/www.protezionisrl.com\/wp-content\/uploads\/2026\/02\/nubes-tt-img-category.jpg');\">\n                    <\/div>\n                            <\/div>\n\n        <\/div>\n\n        \t\t\t\t<\/div>\n\t\t\t\t<\/div>\n\t\t\t\t<\/div>\n\t\t\t\t<\/div>\n\t\t","protected":false},"excerpt":{"rendered":"<p>Home Produits NUBES Couverture ALL SEASON en pente, adoss\u00e9e au mur Lever les yeux devient le geste naturel du nouvel espace ext\u00e9rieur Les espaces de vie prot\u00e9g\u00e9s s\u2019ouvrent naturellement sur l\u2019ext\u00e9rieur gr\u00e2ce \u00e0 Nubes, la collection de couvertures ALL SEASON en pente au design minimaliste, qui offre des configurations illimit\u00e9es. Trois mod\u00e8les, tous adoss\u00e9s au [&hellip;]<\/p>\n","protected":false},"author":3,"featured_media":0,"parent":0,"menu_order":0,"comment_status":"closed","ping_status":"closed","template":"","meta":{"footnotes":""},"class_list":["post-7091","page","type-page","status-publish","hentry"],"yoast_head":"<!-- This site is optimized with the Yoast SEO plugin v27.4 - https:\/\/yoast.com\/product\/yoast-seo-wordpress\/ -->\n<title>Nubes - Protezioni Srl<\/title>\n<meta name=\"robots\" content=\"index, follow, max-snippet:-1, max-image-preview:large, max-video-preview:-1\" \/>\n<link rel=\"canonical\" href=\"https:\/\/www.protezionisrl.com\/fr\/nubes\/\" \/>\n<meta property=\"og:locale\" content=\"fr_FR\" \/>\n<meta property=\"og:type\" content=\"article\" \/>\n<meta property=\"og:title\" content=\"Nubes - Protezioni Srl\" \/>\n<meta property=\"og:description\" content=\"Home Produits NUBES Couverture ALL SEASON en pente, adoss\u00e9e au mur Lever les yeux devient le geste naturel du nouvel espace ext\u00e9rieur Les espaces de vie prot\u00e9g\u00e9s s\u2019ouvrent naturellement sur l\u2019ext\u00e9rieur gr\u00e2ce \u00e0 Nubes, la collection de couvertures ALL SEASON en pente au design minimaliste, qui offre des configurations illimit\u00e9es. Trois mod\u00e8les, tous adoss\u00e9s au [&hellip;]\" \/>\n<meta property=\"og:url\" content=\"https:\/\/www.protezionisrl.com\/fr\/nubes\/\" \/>\n<meta property=\"og:site_name\" content=\"Protezioni Srl\" \/>\n<meta property=\"article:modified_time\" content=\"2026-04-16T14:04:01+00:00\" \/>\n<meta name=\"twitter:card\" content=\"summary_large_image\" \/>\n<meta name=\"twitter:label1\" content=\"Dur\u00e9e de lecture estim\u00e9e\" \/>\n\t<meta name=\"twitter:data1\" content=\"1 minute\" \/>\n<script type=\"application\/ld+json\" class=\"yoast-schema-graph\">{\"@context\":\"https:\\\/\\\/schema.org\",\"@graph\":[{\"@type\":\"WebPage\",\"@id\":\"https:\\\/\\\/www.protezionisrl.com\\\/fr\\\/nubes\\\/\",\"url\":\"https:\\\/\\\/www.protezionisrl.com\\\/fr\\\/nubes\\\/\",\"name\":\"Nubes - Protezioni Srl\",\"isPartOf\":{\"@id\":\"https:\\\/\\\/www.protezionisrl.com\\\/#website\"},\"datePublished\":\"2026-02-13T11:25:34+00:00\",\"dateModified\":\"2026-04-16T14:04:01+00:00\",\"breadcrumb\":{\"@id\":\"https:\\\/\\\/www.protezionisrl.com\\\/fr\\\/nubes\\\/#breadcrumb\"},\"inLanguage\":\"fr-FR\",\"potentialAction\":[{\"@type\":\"ReadAction\",\"target\":[\"https:\\\/\\\/www.protezionisrl.com\\\/fr\\\/nubes\\\/\"]}]},{\"@type\":\"BreadcrumbList\",\"@id\":\"https:\\\/\\\/www.protezionisrl.com\\\/fr\\\/nubes\\\/#breadcrumb\",\"itemListElement\":[{\"@type\":\"ListItem\",\"position\":1,\"name\":\"Home\",\"item\":\"https:\\\/\\\/www.protezionisrl.com\\\/fr\\\/\"},{\"@type\":\"ListItem\",\"position\":2,\"name\":\"Nubes\"}]},{\"@type\":\"WebSite\",\"@id\":\"https:\\\/\\\/www.protezionisrl.com\\\/#website\",\"url\":\"https:\\\/\\\/www.protezionisrl.com\\\/\",\"name\":\"Protezioni Srl\",\"description\":\"\",\"publisher\":{\"@id\":\"https:\\\/\\\/www.protezionisrl.com\\\/#organization\"},\"potentialAction\":[{\"@type\":\"SearchAction\",\"target\":{\"@type\":\"EntryPoint\",\"urlTemplate\":\"https:\\\/\\\/www.protezionisrl.com\\\/?s={search_term_string}\"},\"query-input\":{\"@type\":\"PropertyValueSpecification\",\"valueRequired\":true,\"valueName\":\"search_term_string\"}}],\"inLanguage\":\"fr-FR\"},{\"@type\":\"Organization\",\"@id\":\"https:\\\/\\\/www.protezionisrl.com\\\/#organization\",\"name\":\"Protezioni Srl\",\"url\":\"https:\\\/\\\/www.protezionisrl.com\\\/\",\"logo\":{\"@type\":\"ImageObject\",\"inLanguage\":\"fr-FR\",\"@id\":\"https:\\\/\\\/www.protezionisrl.com\\\/#\\\/schema\\\/logo\\\/image\\\/\",\"url\":\"https:\\\/\\\/www.protezionisrl.com\\\/wp-content\\\/uploads\\\/2026\\\/02\\\/logo-protezioni.svg\",\"contentUrl\":\"https:\\\/\\\/www.protezionisrl.com\\\/wp-content\\\/uploads\\\/2026\\\/02\\\/logo-protezioni.svg\",\"width\":139,\"height\":24,\"caption\":\"Protezioni Srl\"},\"image\":{\"@id\":\"https:\\\/\\\/www.protezionisrl.com\\\/#\\\/schema\\\/logo\\\/image\\\/\"}}]}<\/script>\n<!-- \/ Yoast SEO plugin. -->","yoast_head_json":{"title":"Nubes - Protezioni Srl","robots":{"index":"index","follow":"follow","max-snippet":"max-snippet:-1","max-image-preview":"max-image-preview:large","max-video-preview":"max-video-preview:-1"},"canonical":"https:\/\/www.protezionisrl.com\/fr\/nubes\/","og_locale":"fr_FR","og_type":"article","og_title":"Nubes - Protezioni Srl","og_description":"Home Produits NUBES Couverture ALL SEASON en pente, adoss\u00e9e au mur Lever les yeux devient le geste naturel du nouvel espace ext\u00e9rieur Les espaces de vie prot\u00e9g\u00e9s s\u2019ouvrent naturellement sur l\u2019ext\u00e9rieur gr\u00e2ce \u00e0 Nubes, la collection de couvertures ALL SEASON en pente au design minimaliste, qui offre des configurations illimit\u00e9es. Trois mod\u00e8les, tous adoss\u00e9s au [&hellip;]","og_url":"https:\/\/www.protezionisrl.com\/fr\/nubes\/","og_site_name":"Protezioni Srl","article_modified_time":"2026-04-16T14:04:01+00:00","twitter_card":"summary_large_image","twitter_misc":{"Dur\u00e9e de lecture estim\u00e9e":"1 minute"},"schema":{"@context":"https:\/\/schema.org","@graph":[{"@type":"WebPage","@id":"https:\/\/www.protezionisrl.com\/fr\/nubes\/","url":"https:\/\/www.protezionisrl.com\/fr\/nubes\/","name":"Nubes - Protezioni Srl","isPartOf":{"@id":"https:\/\/www.protezionisrl.com\/#website"},"datePublished":"2026-02-13T11:25:34+00:00","dateModified":"2026-04-16T14:04:01+00:00","breadcrumb":{"@id":"https:\/\/www.protezionisrl.com\/fr\/nubes\/#breadcrumb"},"inLanguage":"fr-FR","potentialAction":[{"@type":"ReadAction","target":["https:\/\/www.protezionisrl.com\/fr\/nubes\/"]}]},{"@type":"BreadcrumbList","@id":"https:\/\/www.protezionisrl.com\/fr\/nubes\/#breadcrumb","itemListElement":[{"@type":"ListItem","position":1,"name":"Home","item":"https:\/\/www.protezionisrl.com\/fr\/"},{"@type":"ListItem","position":2,"name":"Nubes"}]},{"@type":"WebSite","@id":"https:\/\/www.protezionisrl.com\/#website","url":"https:\/\/www.protezionisrl.com\/","name":"Protezioni Srl","description":"","publisher":{"@id":"https:\/\/www.protezionisrl.com\/#organization"},"potentialAction":[{"@type":"SearchAction","target":{"@type":"EntryPoint","urlTemplate":"https:\/\/www.protezionisrl.com\/?s={search_term_string}"},"query-input":{"@type":"PropertyValueSpecification","valueRequired":true,"valueName":"search_term_string"}}],"inLanguage":"fr-FR"},{"@type":"Organization","@id":"https:\/\/www.protezionisrl.com\/#organization","name":"Protezioni Srl","url":"https:\/\/www.protezionisrl.com\/","logo":{"@type":"ImageObject","inLanguage":"fr-FR","@id":"https:\/\/www.protezionisrl.com\/#\/schema\/logo\/image\/","url":"https:\/\/www.protezionisrl.com\/wp-content\/uploads\/2026\/02\/logo-protezioni.svg","contentUrl":"https:\/\/www.protezionisrl.com\/wp-content\/uploads\/2026\/02\/logo-protezioni.svg","width":139,"height":24,"caption":"Protezioni Srl"},"image":{"@id":"https:\/\/www.protezionisrl.com\/#\/schema\/logo\/image\/"}}]}},"_links":{"self":[{"href":"https:\/\/www.protezionisrl.com\/fr\/wp-json\/wp\/v2\/pages\/7091","targetHints":{"allow":["GET"]}}],"collection":[{"href":"https:\/\/www.protezionisrl.com\/fr\/wp-json\/wp\/v2\/pages"}],"about":[{"href":"https:\/\/www.protezionisrl.com\/fr\/wp-json\/wp\/v2\/types\/page"}],"author":[{"embeddable":true,"href":"https:\/\/www.protezionisrl.com\/fr\/wp-json\/wp\/v2\/users\/3"}],"replies":[{"embeddable":true,"href":"https:\/\/www.protezionisrl.com\/fr\/wp-json\/wp\/v2\/comments?post=7091"}],"version-history":[{"count":10,"href":"https:\/\/www.protezionisrl.com\/fr\/wp-json\/wp\/v2\/pages\/7091\/revisions"}],"predecessor-version":[{"id":7671,"href":"https:\/\/www.protezionisrl.com\/fr\/wp-json\/wp\/v2\/pages\/7091\/revisions\/7671"}],"wp:attachment":[{"href":"https:\/\/www.protezionisrl.com\/fr\/wp-json\/wp\/v2\/media?parent=7091"}],"curies":[{"name":"wp","href":"https:\/\/api.w.org\/{rel}","templated":true}]}}