{"id":7092,"date":"2026-02-16T14:14:23","date_gmt":"2026-02-16T13:14:23","guid":{"rendered":"https:\/\/www.protezionisrl.com\/pareo\/"},"modified":"2026-04-16T16:25:11","modified_gmt":"2026-04-16T14:25:11","slug":"pareo","status":"publish","type":"page","link":"https:\/\/www.protezionisrl.com\/fr\/pareo\/","title":{"rendered":"Pareo"},"content":{"rendered":"\t\t<div data-elementor-type=\"wp-page\" data-elementor-id=\"7092\" class=\"elementor elementor-7092 elementor-643\">\n\t\t\t\t<div class=\"elementor-element elementor-element-407a4823 e-con-full e-flex e-con e-parent\" data-id=\"407a4823\" data-element_type=\"container\" data-e-type=\"container\">\n\t\t\t\t<div class=\"elementor-element elementor-element-76d449b5 elementor-widget elementor-widget-custom_breadcrumb\" data-id=\"76d449b5\" data-element_type=\"widget\" data-e-type=\"widget\" data-widget_type=\"custom_breadcrumb.default\">\n\t\t\t\t<div class=\"elementor-widget-container\">\n\t\t\t\t\t<nav aria-label=\"breadcrumb\"><ul class=\"breadcrumb\" style=\"display: flex; list-style: none; padding: 0; gap: 10px;\"><li class=\"breadcrumb-item\"><a href=\"https:\/\/www.protezionisrl.com\/fr\/\">Home<\/a><\/li><li class=\"breadcrumb-item\"><a href=\"https:\/\/www.protezionisrl.com\/fr\/produits\/\">Produits<\/a><\/li><\/ul><\/nav>\t\t\t\t<\/div>\n\t\t\t\t<\/div>\n\t\t\t\t<\/div>\n\t\t<div class=\"elementor-element elementor-element-77819e0 e-con-full e-flex e-con e-parent\" data-id=\"77819e0\" data-element_type=\"container\" data-e-type=\"container\" data-settings=\"{&quot;background_background&quot;:&quot;classic&quot;}\">\n\t\t\t\t<div class=\"elementor-element elementor-element-bfcaffe elementor-widget elementor-widget-interactive_image_links\" data-id=\"bfcaffe\" data-element_type=\"widget\" data-e-type=\"widget\" data-widget_type=\"interactive_image_links.default\">\n\t\t\t\t<div class=\"elementor-widget-container\">\n\t\t\t\t\t\n                                    <div class=\" elementor-hidden-desktop\">\n                    \t            <div class=\"iil-header\">\n                                    <h2 class=\"iil-header-title\">PAREO<\/h2>\n                \n                                    <div class=\"iil-header-description\"><h3 style=\"font-weight: 500;margin:0;max-width:350px\">Pare-vent panoramique en verre<\/h3><br \/>\n<i>Transparente et toujours ouverte sur le monde. <br \/>\nLa balustrade n\u2019est plus une limite<\/i><br \/>\n<br \/>\nPareo est la d\u00e9limitation panoramique en verre qui prot\u00e8ge et organise les espaces ext\u00e9rieurs, tout en garantissant une transparence unique.<br \/>\nLa gamme se compose de quatre solutions : cloisons au design raffin\u00e9, qui s\u2019adaptent gr\u00e2ce \u00e0 des syst\u00e8mes t\u00e9lescopiques brevet\u00e9s, et font \u00e9galement office de garde-corps. Pour transformer la balustrade en un \u00e9l\u00e9ment qui met en valeur le panorama des espaces ext\u00e9rieurs am\u00e9nag\u00e9s, des jardins, des terrasses et des rooftops.<br \/>\n<br \/>\n<\/div>\n                \n                            <\/div>\n                                   \n                    <\/div>\n                        <div class=\"iil-widget\" data-widget-id=\"iil-bfcaffe\">\n            \n            <div class=\"iil-links\" style=\"flex: 0 0 50%; order: 1;\">\n                \n                                    <div class=\" elementor-hidden-phone elementor-hidden-tablet\">\n                    \t            <div class=\"iil-header\">\n                                    <h2 class=\"iil-header-title\">PAREO<\/h2>\n                \n                                    <div class=\"iil-header-description\"><h3 style=\"font-weight: 500;margin:0;max-width:350px\">Pare-vent panoramique en verre<\/h3><br \/>\n<i>Transparente et toujours ouverte sur le monde. <br \/>\nLa balustrade n\u2019est plus une limite<\/i><br \/>\n<br \/>\nPareo est la d\u00e9limitation panoramique en verre qui prot\u00e8ge et organise les espaces ext\u00e9rieurs, tout en garantissant une transparence unique.<br \/>\nLa gamme se compose de quatre solutions : cloisons au design raffin\u00e9, qui s\u2019adaptent gr\u00e2ce \u00e0 des syst\u00e8mes t\u00e9lescopiques brevet\u00e9s, et font \u00e9galement office de garde-corps. Pour transformer la balustrade en un \u00e9l\u00e9ment qui met en valeur le panorama des espaces ext\u00e9rieurs am\u00e9nag\u00e9s, des jardins, des terrasses et des rooftops.<br \/>\n<br \/>\n<\/div>\n                \n                            <\/div>\n                                   \n                    <\/div>\n                \n                <div class=\"iil-links-list\">\n                                            <a href=\"https:\/\/www.protezionisrl.com\/fr\/pareo-top-floor\/\" \n                           class=\"iil-link-item iil-active\" \n                           data-index=\"0\">\n                            <span class=\"iil-link-title\">Pareo Top \/ Pareo Floor<\/span>\n                        <\/a>\n                                            <a href=\"https:\/\/www.protezionisrl.com\/fr\/pareo-up\/\" \n                           class=\"iil-link-item \" \n                           data-index=\"1\">\n                            <span class=\"iil-link-title\">Pareo Up<\/span>\n                        <\/a>\n                                            <a href=\"https:\/\/www.protezionisrl.com\/fr\/pareo-up-balaustra\/\" \n                           class=\"iil-link-item \" \n                           data-index=\"2\">\n                            <span class=\"iil-link-title\">Pareo Up Balaustra<\/span>\n                        <\/a>\n                                    <\/div>\n\n            <\/div>\n\n            <div class=\"iil-images\" style=\"flex: 0 0 50%; order: 2;\">\n                                    <div class=\"iil-image-item iil-active\" \n                         data-index=\"0\"\n                         style=\"background-image: url('https:\/\/www.protezionisrl.com\/wp-content\/uploads\/2026\/02\/pareo-top-floor-img-category.jpg');\">\n                    <\/div>\n                                    <div class=\"iil-image-item \" \n                         data-index=\"1\"\n                         style=\"background-image: url('https:\/\/www.protezionisrl.com\/wp-content\/uploads\/2026\/02\/pareo-up-img-category.jpg');\">\n                    <\/div>\n                                    <div class=\"iil-image-item \" \n                         data-index=\"2\"\n                         style=\"background-image: url('https:\/\/www.protezionisrl.com\/wp-content\/uploads\/2026\/02\/pareo-up-balaustra-img-category.jpg');\">\n                    <\/div>\n                            <\/div>\n\n        <\/div>\n\n        \t\t\t\t<\/div>\n\t\t\t\t<\/div>\n\t\t\t\t<\/div>\n\t\t\t\t<\/div>\n\t\t","protected":false},"excerpt":{"rendered":"<p>Home Produits PAREO Pare-vent panoramique en verre Transparente et toujours ouverte sur le monde. La balustrade n\u2019est plus une limite Pareo est la d\u00e9limitation panoramique en verre qui prot\u00e8ge et organise les espaces ext\u00e9rieurs, tout en garantissant une transparence unique. La gamme se compose de quatre solutions : cloisons au design raffin\u00e9, qui s\u2019adaptent gr\u00e2ce [&hellip;]<\/p>\n","protected":false},"author":3,"featured_media":0,"parent":0,"menu_order":0,"comment_status":"closed","ping_status":"closed","template":"","meta":{"footnotes":""},"class_list":["post-7092","page","type-page","status-publish","hentry"],"yoast_head":"<!-- This site is optimized with the Yoast SEO plugin v27.4 - https:\/\/yoast.com\/product\/yoast-seo-wordpress\/ -->\n<title>Pareo - Protezioni Srl<\/title>\n<meta name=\"robots\" content=\"index, follow, max-snippet:-1, max-image-preview:large, max-video-preview:-1\" \/>\n<link rel=\"canonical\" href=\"https:\/\/www.protezionisrl.com\/fr\/pareo\/\" \/>\n<meta property=\"og:locale\" content=\"fr_FR\" \/>\n<meta property=\"og:type\" content=\"article\" \/>\n<meta property=\"og:title\" content=\"Pareo - Protezioni Srl\" \/>\n<meta property=\"og:description\" content=\"Home Produits PAREO Pare-vent panoramique en verre Transparente et toujours ouverte sur le monde. La balustrade n\u2019est plus une limite Pareo est la d\u00e9limitation panoramique en verre qui prot\u00e8ge et organise les espaces ext\u00e9rieurs, tout en garantissant une transparence unique. La gamme se compose de quatre solutions : cloisons au design raffin\u00e9, qui s\u2019adaptent gr\u00e2ce [&hellip;]\" \/>\n<meta property=\"og:url\" content=\"https:\/\/www.protezionisrl.com\/fr\/pareo\/\" \/>\n<meta property=\"og:site_name\" content=\"Protezioni Srl\" \/>\n<meta property=\"article:modified_time\" content=\"2026-04-16T14:25:11+00:00\" \/>\n<meta name=\"twitter:card\" content=\"summary_large_image\" \/>\n<meta name=\"twitter:label1\" content=\"Dur\u00e9e de lecture estim\u00e9e\" \/>\n\t<meta name=\"twitter:data1\" content=\"1 minute\" \/>\n<script type=\"application\/ld+json\" class=\"yoast-schema-graph\">{\"@context\":\"https:\\\/\\\/schema.org\",\"@graph\":[{\"@type\":\"WebPage\",\"@id\":\"https:\\\/\\\/www.protezionisrl.com\\\/fr\\\/pareo\\\/\",\"url\":\"https:\\\/\\\/www.protezionisrl.com\\\/fr\\\/pareo\\\/\",\"name\":\"Pareo - Protezioni Srl\",\"isPartOf\":{\"@id\":\"https:\\\/\\\/www.protezionisrl.com\\\/#website\"},\"datePublished\":\"2026-02-16T13:14:23+00:00\",\"dateModified\":\"2026-04-16T14:25:11+00:00\",\"breadcrumb\":{\"@id\":\"https:\\\/\\\/www.protezionisrl.com\\\/fr\\\/pareo\\\/#breadcrumb\"},\"inLanguage\":\"fr-FR\",\"potentialAction\":[{\"@type\":\"ReadAction\",\"target\":[\"https:\\\/\\\/www.protezionisrl.com\\\/fr\\\/pareo\\\/\"]}]},{\"@type\":\"BreadcrumbList\",\"@id\":\"https:\\\/\\\/www.protezionisrl.com\\\/fr\\\/pareo\\\/#breadcrumb\",\"itemListElement\":[{\"@type\":\"ListItem\",\"position\":1,\"name\":\"Home\",\"item\":\"https:\\\/\\\/www.protezionisrl.com\\\/fr\\\/\"},{\"@type\":\"ListItem\",\"position\":2,\"name\":\"Pareo\"}]},{\"@type\":\"WebSite\",\"@id\":\"https:\\\/\\\/www.protezionisrl.com\\\/#website\",\"url\":\"https:\\\/\\\/www.protezionisrl.com\\\/\",\"name\":\"Protezioni Srl\",\"description\":\"\",\"publisher\":{\"@id\":\"https:\\\/\\\/www.protezionisrl.com\\\/#organization\"},\"potentialAction\":[{\"@type\":\"SearchAction\",\"target\":{\"@type\":\"EntryPoint\",\"urlTemplate\":\"https:\\\/\\\/www.protezionisrl.com\\\/?s={search_term_string}\"},\"query-input\":{\"@type\":\"PropertyValueSpecification\",\"valueRequired\":true,\"valueName\":\"search_term_string\"}}],\"inLanguage\":\"fr-FR\"},{\"@type\":\"Organization\",\"@id\":\"https:\\\/\\\/www.protezionisrl.com\\\/#organization\",\"name\":\"Protezioni Srl\",\"url\":\"https:\\\/\\\/www.protezionisrl.com\\\/\",\"logo\":{\"@type\":\"ImageObject\",\"inLanguage\":\"fr-FR\",\"@id\":\"https:\\\/\\\/www.protezionisrl.com\\\/#\\\/schema\\\/logo\\\/image\\\/\",\"url\":\"https:\\\/\\\/www.protezionisrl.com\\\/wp-content\\\/uploads\\\/2026\\\/02\\\/logo-protezioni.svg\",\"contentUrl\":\"https:\\\/\\\/www.protezionisrl.com\\\/wp-content\\\/uploads\\\/2026\\\/02\\\/logo-protezioni.svg\",\"width\":139,\"height\":24,\"caption\":\"Protezioni Srl\"},\"image\":{\"@id\":\"https:\\\/\\\/www.protezionisrl.com\\\/#\\\/schema\\\/logo\\\/image\\\/\"}}]}<\/script>\n<!-- \/ Yoast SEO plugin. -->","yoast_head_json":{"title":"Pareo - Protezioni Srl","robots":{"index":"index","follow":"follow","max-snippet":"max-snippet:-1","max-image-preview":"max-image-preview:large","max-video-preview":"max-video-preview:-1"},"canonical":"https:\/\/www.protezionisrl.com\/fr\/pareo\/","og_locale":"fr_FR","og_type":"article","og_title":"Pareo - Protezioni Srl","og_description":"Home Produits PAREO Pare-vent panoramique en verre Transparente et toujours ouverte sur le monde. La balustrade n\u2019est plus une limite Pareo est la d\u00e9limitation panoramique en verre qui prot\u00e8ge et organise les espaces ext\u00e9rieurs, tout en garantissant une transparence unique. La gamme se compose de quatre solutions : cloisons au design raffin\u00e9, qui s\u2019adaptent gr\u00e2ce [&hellip;]","og_url":"https:\/\/www.protezionisrl.com\/fr\/pareo\/","og_site_name":"Protezioni Srl","article_modified_time":"2026-04-16T14:25:11+00:00","twitter_card":"summary_large_image","twitter_misc":{"Dur\u00e9e de lecture estim\u00e9e":"1 minute"},"schema":{"@context":"https:\/\/schema.org","@graph":[{"@type":"WebPage","@id":"https:\/\/www.protezionisrl.com\/fr\/pareo\/","url":"https:\/\/www.protezionisrl.com\/fr\/pareo\/","name":"Pareo - Protezioni Srl","isPartOf":{"@id":"https:\/\/www.protezionisrl.com\/#website"},"datePublished":"2026-02-16T13:14:23+00:00","dateModified":"2026-04-16T14:25:11+00:00","breadcrumb":{"@id":"https:\/\/www.protezionisrl.com\/fr\/pareo\/#breadcrumb"},"inLanguage":"fr-FR","potentialAction":[{"@type":"ReadAction","target":["https:\/\/www.protezionisrl.com\/fr\/pareo\/"]}]},{"@type":"BreadcrumbList","@id":"https:\/\/www.protezionisrl.com\/fr\/pareo\/#breadcrumb","itemListElement":[{"@type":"ListItem","position":1,"name":"Home","item":"https:\/\/www.protezionisrl.com\/fr\/"},{"@type":"ListItem","position":2,"name":"Pareo"}]},{"@type":"WebSite","@id":"https:\/\/www.protezionisrl.com\/#website","url":"https:\/\/www.protezionisrl.com\/","name":"Protezioni Srl","description":"","publisher":{"@id":"https:\/\/www.protezionisrl.com\/#organization"},"potentialAction":[{"@type":"SearchAction","target":{"@type":"EntryPoint","urlTemplate":"https:\/\/www.protezionisrl.com\/?s={search_term_string}"},"query-input":{"@type":"PropertyValueSpecification","valueRequired":true,"valueName":"search_term_string"}}],"inLanguage":"fr-FR"},{"@type":"Organization","@id":"https:\/\/www.protezionisrl.com\/#organization","name":"Protezioni Srl","url":"https:\/\/www.protezionisrl.com\/","logo":{"@type":"ImageObject","inLanguage":"fr-FR","@id":"https:\/\/www.protezionisrl.com\/#\/schema\/logo\/image\/","url":"https:\/\/www.protezionisrl.com\/wp-content\/uploads\/2026\/02\/logo-protezioni.svg","contentUrl":"https:\/\/www.protezionisrl.com\/wp-content\/uploads\/2026\/02\/logo-protezioni.svg","width":139,"height":24,"caption":"Protezioni Srl"},"image":{"@id":"https:\/\/www.protezionisrl.com\/#\/schema\/logo\/image\/"}}]}},"_links":{"self":[{"href":"https:\/\/www.protezionisrl.com\/fr\/wp-json\/wp\/v2\/pages\/7092","targetHints":{"allow":["GET"]}}],"collection":[{"href":"https:\/\/www.protezionisrl.com\/fr\/wp-json\/wp\/v2\/pages"}],"about":[{"href":"https:\/\/www.protezionisrl.com\/fr\/wp-json\/wp\/v2\/types\/page"}],"author":[{"embeddable":true,"href":"https:\/\/www.protezionisrl.com\/fr\/wp-json\/wp\/v2\/users\/3"}],"replies":[{"embeddable":true,"href":"https:\/\/www.protezionisrl.com\/fr\/wp-json\/wp\/v2\/comments?post=7092"}],"version-history":[{"count":10,"href":"https:\/\/www.protezionisrl.com\/fr\/wp-json\/wp\/v2\/pages\/7092\/revisions"}],"predecessor-version":[{"id":7691,"href":"https:\/\/www.protezionisrl.com\/fr\/wp-json\/wp\/v2\/pages\/7092\/revisions\/7691"}],"wp:attachment":[{"href":"https:\/\/www.protezionisrl.com\/fr\/wp-json\/wp\/v2\/media?parent=7092"}],"curies":[{"name":"wp","href":"https:\/\/api.w.org\/{rel}","templated":true}]}}