{"id":7094,"date":"2026-02-24T09:41:03","date_gmt":"2026-02-24T08:41:03","guid":{"rendered":"https:\/\/www.protezionisrl.com\/visio\/"},"modified":"2026-04-17T11:37:19","modified_gmt":"2026-04-17T09:37:19","slug":"visio","status":"publish","type":"page","link":"https:\/\/www.protezionisrl.com\/fr\/visio\/","title":{"rendered":"Visio"},"content":{"rendered":"\t\t<div data-elementor-type=\"wp-page\" data-elementor-id=\"7094\" class=\"elementor elementor-7094 elementor-1474\">\n\t\t\t\t<div class=\"elementor-element elementor-element-407a4823 e-con-full e-flex e-con e-parent\" data-id=\"407a4823\" data-element_type=\"container\" data-e-type=\"container\">\n\t\t\t\t<div class=\"elementor-element elementor-element-76d449b5 elementor-widget elementor-widget-custom_breadcrumb\" data-id=\"76d449b5\" data-element_type=\"widget\" data-e-type=\"widget\" data-widget_type=\"custom_breadcrumb.default\">\n\t\t\t\t<div class=\"elementor-widget-container\">\n\t\t\t\t\t<nav aria-label=\"breadcrumb\"><ul class=\"breadcrumb\" style=\"display: flex; list-style: none; padding: 0; gap: 10px;\"><li class=\"breadcrumb-item\"><a href=\"https:\/\/www.protezionisrl.com\/fr\/\">Home<\/a><\/li><li class=\"breadcrumb-item\"><a href=\"https:\/\/www.protezionisrl.com\/fr\/produits\/\">Produits<\/a><\/li><\/ul><\/nav>\t\t\t\t<\/div>\n\t\t\t\t<\/div>\n\t\t\t\t<\/div>\n\t\t<div class=\"elementor-element elementor-element-77819e0 e-con-full e-flex e-con e-parent\" data-id=\"77819e0\" data-element_type=\"container\" data-e-type=\"container\" data-settings=\"{&quot;background_background&quot;:&quot;classic&quot;}\">\n\t\t\t\t<div class=\"elementor-element elementor-element-2d25045 elementor-widget elementor-widget-interactive_image_links\" data-id=\"2d25045\" data-element_type=\"widget\" data-e-type=\"widget\" data-widget_type=\"interactive_image_links.default\">\n\t\t\t\t<div class=\"elementor-widget-container\">\n\t\t\t\t\t\n                                    <div class=\" elementor-hidden-desktop\">\n                    \t            <div class=\"iil-header\">\n                                    <h2 class=\"iil-header-title\">VISIO<\/h2>\n                \n                                    <div class=\"iil-header-description\"><h3 style=\"font-weight: 500;margin:0;max-width:350px\">Vitrage panoramique<\/h3><br \/>\n<i>Le paysage \u00e0 perte de vue.<br \/>\nSans aucune barri\u00e8re entre vous et l\u2019horizon<\/i><br \/>\n<br \/>\nDes panoramas infinis s\u2019ouvrent devant les vitrages Visio, le syst\u00e8me de fermeture panoramique con\u00e7u pour prot\u00e9ger les espaces int\u00e9rieurs et ext\u00e9rieurs sans briser le lien avec l\u2019ext\u00e9rieur.<br \/>\nCoulissants ou repliables, ces panneaux panoramiques peuvent atteindre 3 m\u00e8tres de hauteur, en offrant une protection r\u00e9ellement efficace par tous les temps, ainsi qu\u2019un confort thermique et acoustique sup\u00e9rieur.<br \/>\n<\/div>\n                \n                            <\/div>\n                                   \n                    <\/div>\n                        <div class=\"iil-widget\" data-widget-id=\"iil-2d25045\">\n            \n            <div class=\"iil-links\" style=\"flex: 0 0 50%; order: 1;\">\n                \n                                    <div class=\" elementor-hidden-phone elementor-hidden-tablet\">\n                    \t            <div class=\"iil-header\">\n                                    <h2 class=\"iil-header-title\">VISIO<\/h2>\n                \n                                    <div class=\"iil-header-description\"><h3 style=\"font-weight: 500;margin:0;max-width:350px\">Vitrage panoramique<\/h3><br \/>\n<i>Le paysage \u00e0 perte de vue.<br \/>\nSans aucune barri\u00e8re entre vous et l\u2019horizon<\/i><br \/>\n<br \/>\nDes panoramas infinis s\u2019ouvrent devant les vitrages Visio, le syst\u00e8me de fermeture panoramique con\u00e7u pour prot\u00e9ger les espaces int\u00e9rieurs et ext\u00e9rieurs sans briser le lien avec l\u2019ext\u00e9rieur.<br \/>\nCoulissants ou repliables, ces panneaux panoramiques peuvent atteindre 3 m\u00e8tres de hauteur, en offrant une protection r\u00e9ellement efficace par tous les temps, ainsi qu\u2019un confort thermique et acoustique sup\u00e9rieur.<br \/>\n<\/div>\n                \n                            <\/div>\n                                   \n                    <\/div>\n                \n                <div class=\"iil-links-list\">\n                                            <a href=\"https:\/\/www.protezionisrl.com\/fr\/visio-flow\/\" \n                           class=\"iil-link-item iil-active\" \n                           data-index=\"0\">\n                            <span class=\"iil-link-title\">Visio Flow<\/span>\n                        <\/a>\n                                            <a href=\"https:\/\/www.protezionisrl.com\/fr\/visio-fold\/\" \n                           class=\"iil-link-item \" \n                           data-index=\"1\">\n                            <span class=\"iil-link-title\">Visio Fold<\/span>\n                        <\/a>\n                                    <\/div>\n\n            <\/div>\n\n            <div class=\"iil-images\" style=\"flex: 0 0 50%; order: 2;\">\n                                    <div class=\"iil-image-item iil-active\" \n                         data-index=\"0\"\n                         style=\"background-image: url('https:\/\/www.protezionisrl.com\/wp-content\/uploads\/2026\/02\/visio-flow-img-category.jpg');\">\n                    <\/div>\n                                    <div class=\"iil-image-item \" \n                         data-index=\"1\"\n                         style=\"background-image: url('https:\/\/www.protezionisrl.com\/wp-content\/uploads\/2026\/02\/visio-fold-img-category.jpg');\">\n                    <\/div>\n                            <\/div>\n\n        <\/div>\n\n        \t\t\t\t<\/div>\n\t\t\t\t<\/div>\n\t\t\t\t<\/div>\n\t\t\t\t<\/div>\n\t\t","protected":false},"excerpt":{"rendered":"<p>Home Produits VISIO Vitrage panoramique Le paysage \u00e0 perte de vue. Sans aucune barri\u00e8re entre vous et l\u2019horizon Des panoramas infinis s\u2019ouvrent devant les vitrages Visio, le syst\u00e8me de fermeture panoramique con\u00e7u pour prot\u00e9ger les espaces int\u00e9rieurs et ext\u00e9rieurs sans briser le lien avec l\u2019ext\u00e9rieur. Coulissants ou repliables, ces panneaux panoramiques peuvent atteindre 3 m\u00e8tres [&hellip;]<\/p>\n","protected":false},"author":3,"featured_media":0,"parent":0,"menu_order":0,"comment_status":"closed","ping_status":"closed","template":"","meta":{"footnotes":""},"class_list":["post-7094","page","type-page","status-publish","hentry"],"yoast_head":"<!-- This site is optimized with the Yoast SEO plugin v27.4 - https:\/\/yoast.com\/product\/yoast-seo-wordpress\/ -->\n<title>Visio - Protezioni Srl<\/title>\n<meta name=\"robots\" content=\"index, follow, max-snippet:-1, max-image-preview:large, max-video-preview:-1\" \/>\n<link rel=\"canonical\" href=\"https:\/\/www.protezionisrl.com\/fr\/visio\/\" \/>\n<meta property=\"og:locale\" content=\"fr_FR\" \/>\n<meta property=\"og:type\" content=\"article\" \/>\n<meta property=\"og:title\" content=\"Visio - Protezioni Srl\" \/>\n<meta property=\"og:description\" content=\"Home Produits VISIO Vitrage panoramique Le paysage \u00e0 perte de vue. Sans aucune barri\u00e8re entre vous et l\u2019horizon Des panoramas infinis s\u2019ouvrent devant les vitrages Visio, le syst\u00e8me de fermeture panoramique con\u00e7u pour prot\u00e9ger les espaces int\u00e9rieurs et ext\u00e9rieurs sans briser le lien avec l\u2019ext\u00e9rieur. Coulissants ou repliables, ces panneaux panoramiques peuvent atteindre 3 m\u00e8tres [&hellip;]\" \/>\n<meta property=\"og:url\" content=\"https:\/\/www.protezionisrl.com\/fr\/visio\/\" \/>\n<meta property=\"og:site_name\" content=\"Protezioni Srl\" \/>\n<meta property=\"article:modified_time\" content=\"2026-04-17T09:37:19+00:00\" \/>\n<meta name=\"twitter:card\" content=\"summary_large_image\" \/>\n<meta name=\"twitter:label1\" content=\"Dur\u00e9e de lecture estim\u00e9e\" \/>\n\t<meta name=\"twitter:data1\" content=\"1 minute\" \/>\n<script type=\"application\/ld+json\" class=\"yoast-schema-graph\">{\"@context\":\"https:\\\/\\\/schema.org\",\"@graph\":[{\"@type\":\"WebPage\",\"@id\":\"https:\\\/\\\/www.protezionisrl.com\\\/fr\\\/visio\\\/\",\"url\":\"https:\\\/\\\/www.protezionisrl.com\\\/fr\\\/visio\\\/\",\"name\":\"Visio - Protezioni Srl\",\"isPartOf\":{\"@id\":\"https:\\\/\\\/www.protezionisrl.com\\\/#website\"},\"datePublished\":\"2026-02-24T08:41:03+00:00\",\"dateModified\":\"2026-04-17T09:37:19+00:00\",\"breadcrumb\":{\"@id\":\"https:\\\/\\\/www.protezionisrl.com\\\/fr\\\/visio\\\/#breadcrumb\"},\"inLanguage\":\"fr-FR\",\"potentialAction\":[{\"@type\":\"ReadAction\",\"target\":[\"https:\\\/\\\/www.protezionisrl.com\\\/fr\\\/visio\\\/\"]}]},{\"@type\":\"BreadcrumbList\",\"@id\":\"https:\\\/\\\/www.protezionisrl.com\\\/fr\\\/visio\\\/#breadcrumb\",\"itemListElement\":[{\"@type\":\"ListItem\",\"position\":1,\"name\":\"Home\",\"item\":\"https:\\\/\\\/www.protezionisrl.com\\\/fr\\\/\"},{\"@type\":\"ListItem\",\"position\":2,\"name\":\"Visio\"}]},{\"@type\":\"WebSite\",\"@id\":\"https:\\\/\\\/www.protezionisrl.com\\\/#website\",\"url\":\"https:\\\/\\\/www.protezionisrl.com\\\/\",\"name\":\"Protezioni Srl\",\"description\":\"\",\"publisher\":{\"@id\":\"https:\\\/\\\/www.protezionisrl.com\\\/#organization\"},\"potentialAction\":[{\"@type\":\"SearchAction\",\"target\":{\"@type\":\"EntryPoint\",\"urlTemplate\":\"https:\\\/\\\/www.protezionisrl.com\\\/?s={search_term_string}\"},\"query-input\":{\"@type\":\"PropertyValueSpecification\",\"valueRequired\":true,\"valueName\":\"search_term_string\"}}],\"inLanguage\":\"fr-FR\"},{\"@type\":\"Organization\",\"@id\":\"https:\\\/\\\/www.protezionisrl.com\\\/#organization\",\"name\":\"Protezioni Srl\",\"url\":\"https:\\\/\\\/www.protezionisrl.com\\\/\",\"logo\":{\"@type\":\"ImageObject\",\"inLanguage\":\"fr-FR\",\"@id\":\"https:\\\/\\\/www.protezionisrl.com\\\/#\\\/schema\\\/logo\\\/image\\\/\",\"url\":\"https:\\\/\\\/www.protezionisrl.com\\\/wp-content\\\/uploads\\\/2026\\\/02\\\/logo-protezioni.svg\",\"contentUrl\":\"https:\\\/\\\/www.protezionisrl.com\\\/wp-content\\\/uploads\\\/2026\\\/02\\\/logo-protezioni.svg\",\"width\":139,\"height\":24,\"caption\":\"Protezioni Srl\"},\"image\":{\"@id\":\"https:\\\/\\\/www.protezionisrl.com\\\/#\\\/schema\\\/logo\\\/image\\\/\"}}]}<\/script>\n<!-- \/ Yoast SEO plugin. -->","yoast_head_json":{"title":"Visio - Protezioni Srl","robots":{"index":"index","follow":"follow","max-snippet":"max-snippet:-1","max-image-preview":"max-image-preview:large","max-video-preview":"max-video-preview:-1"},"canonical":"https:\/\/www.protezionisrl.com\/fr\/visio\/","og_locale":"fr_FR","og_type":"article","og_title":"Visio - Protezioni Srl","og_description":"Home Produits VISIO Vitrage panoramique Le paysage \u00e0 perte de vue. Sans aucune barri\u00e8re entre vous et l\u2019horizon Des panoramas infinis s\u2019ouvrent devant les vitrages Visio, le syst\u00e8me de fermeture panoramique con\u00e7u pour prot\u00e9ger les espaces int\u00e9rieurs et ext\u00e9rieurs sans briser le lien avec l\u2019ext\u00e9rieur. Coulissants ou repliables, ces panneaux panoramiques peuvent atteindre 3 m\u00e8tres [&hellip;]","og_url":"https:\/\/www.protezionisrl.com\/fr\/visio\/","og_site_name":"Protezioni Srl","article_modified_time":"2026-04-17T09:37:19+00:00","twitter_card":"summary_large_image","twitter_misc":{"Dur\u00e9e de lecture estim\u00e9e":"1 minute"},"schema":{"@context":"https:\/\/schema.org","@graph":[{"@type":"WebPage","@id":"https:\/\/www.protezionisrl.com\/fr\/visio\/","url":"https:\/\/www.protezionisrl.com\/fr\/visio\/","name":"Visio - Protezioni Srl","isPartOf":{"@id":"https:\/\/www.protezionisrl.com\/#website"},"datePublished":"2026-02-24T08:41:03+00:00","dateModified":"2026-04-17T09:37:19+00:00","breadcrumb":{"@id":"https:\/\/www.protezionisrl.com\/fr\/visio\/#breadcrumb"},"inLanguage":"fr-FR","potentialAction":[{"@type":"ReadAction","target":["https:\/\/www.protezionisrl.com\/fr\/visio\/"]}]},{"@type":"BreadcrumbList","@id":"https:\/\/www.protezionisrl.com\/fr\/visio\/#breadcrumb","itemListElement":[{"@type":"ListItem","position":1,"name":"Home","item":"https:\/\/www.protezionisrl.com\/fr\/"},{"@type":"ListItem","position":2,"name":"Visio"}]},{"@type":"WebSite","@id":"https:\/\/www.protezionisrl.com\/#website","url":"https:\/\/www.protezionisrl.com\/","name":"Protezioni Srl","description":"","publisher":{"@id":"https:\/\/www.protezionisrl.com\/#organization"},"potentialAction":[{"@type":"SearchAction","target":{"@type":"EntryPoint","urlTemplate":"https:\/\/www.protezionisrl.com\/?s={search_term_string}"},"query-input":{"@type":"PropertyValueSpecification","valueRequired":true,"valueName":"search_term_string"}}],"inLanguage":"fr-FR"},{"@type":"Organization","@id":"https:\/\/www.protezionisrl.com\/#organization","name":"Protezioni Srl","url":"https:\/\/www.protezionisrl.com\/","logo":{"@type":"ImageObject","inLanguage":"fr-FR","@id":"https:\/\/www.protezionisrl.com\/#\/schema\/logo\/image\/","url":"https:\/\/www.protezionisrl.com\/wp-content\/uploads\/2026\/02\/logo-protezioni.svg","contentUrl":"https:\/\/www.protezionisrl.com\/wp-content\/uploads\/2026\/02\/logo-protezioni.svg","width":139,"height":24,"caption":"Protezioni Srl"},"image":{"@id":"https:\/\/www.protezionisrl.com\/#\/schema\/logo\/image\/"}}]}},"_links":{"self":[{"href":"https:\/\/www.protezionisrl.com\/fr\/wp-json\/wp\/v2\/pages\/7094","targetHints":{"allow":["GET"]}}],"collection":[{"href":"https:\/\/www.protezionisrl.com\/fr\/wp-json\/wp\/v2\/pages"}],"about":[{"href":"https:\/\/www.protezionisrl.com\/fr\/wp-json\/wp\/v2\/types\/page"}],"author":[{"embeddable":true,"href":"https:\/\/www.protezionisrl.com\/fr\/wp-json\/wp\/v2\/users\/3"}],"replies":[{"embeddable":true,"href":"https:\/\/www.protezionisrl.com\/fr\/wp-json\/wp\/v2\/comments?post=7094"}],"version-history":[{"count":10,"href":"https:\/\/www.protezionisrl.com\/fr\/wp-json\/wp\/v2\/pages\/7094\/revisions"}],"predecessor-version":[{"id":7766,"href":"https:\/\/www.protezionisrl.com\/fr\/wp-json\/wp\/v2\/pages\/7094\/revisions\/7766"}],"wp:attachment":[{"href":"https:\/\/www.protezionisrl.com\/fr\/wp-json\/wp\/v2\/media?parent=7094"}],"curies":[{"name":"wp","href":"https:\/\/api.w.org\/{rel}","templated":true}]}}