{"id":7940,"date":"2026-03-18T10:36:47","date_gmt":"2026-03-18T09:36:47","guid":{"rendered":"https:\/\/www.protezionisrl.com\/configuratore-3d\/"},"modified":"2026-04-18T09:42:26","modified_gmt":"2026-04-18T07:42:26","slug":"configurateur-3d","status":"publish","type":"page","link":"https:\/\/www.protezionisrl.com\/fr\/configurateur-3d\/","title":{"rendered":"Configurateur 3D"},"content":{"rendered":"\t\t<div data-elementor-type=\"wp-page\" data-elementor-id=\"7940\" class=\"elementor elementor-7940 elementor-3117\">\n\t\t\t\t<div class=\"elementor-element elementor-element-7394ebc3 e-con-full e-flex e-con e-parent\" data-id=\"7394ebc3\" data-element_type=\"container\" data-e-type=\"container\">\n\t\t\t\t<div class=\"elementor-element elementor-element-71d2fabb elementor-widget elementor-widget-custom_breadcrumb\" data-id=\"71d2fabb\" data-element_type=\"widget\" data-e-type=\"widget\" data-widget_type=\"custom_breadcrumb.default\">\n\t\t\t\t<div class=\"elementor-widget-container\">\n\t\t\t\t\t<nav aria-label=\"breadcrumb\"><ul class=\"breadcrumb\" style=\"display: flex; list-style: none; padding: 0; gap: 10px;\"><li class=\"breadcrumb-item\"><a href=\"https:\/\/www.protezionisrl.com\/fr\/\">Home<\/a><\/li><\/ul><\/nav>\t\t\t\t<\/div>\n\t\t\t\t<\/div>\n\t\t\t\t<\/div>\n\t\t<div class=\"elementor-element elementor-element-dcd651f e-con-full e-flex e-con e-parent\" data-id=\"dcd651f\" data-element_type=\"container\" data-e-type=\"container\">\n\t\t\t\t<div class=\"elementor-element elementor-element-3b79446 elementor-widget elementor-widget-configurator\" data-id=\"3b79446\" data-element_type=\"widget\" data-e-type=\"widget\" data-widget_type=\"configurator.default\">\n\t\t\t\t<div class=\"elementor-widget-container\">\n\t\t\t\t\t\n        <div\n            class=\"configurator\"\n            data-allowed-origin=\"\"\n        >\n            <div class=\"configurator__loader\">\n                <span class=\"configurator__loader-text\">Caricamento configuratore...<\/span>\n            <\/div>\n            <iframe\n                id=\"iframe\"\n                class=\"configurator__iframe\"\n                src=\"https:\/\/protezioni.3cad.it\/#\/rsalogin\/VhggA4gnTpZOeNcUGydsCF3542sAA3W%252BIU3ehqgxnCxCgTcJoxFKPrgRaOoy8PbsyZdiVL6mnMaUQtML5yynZbJdN72z5ZUGKtwK8cQIbje5kP7wn6eKGP21GGrHBiRE06gwDB5kdv%252FBw9xZLc7zd9kIxq4JCbQJOjzwiaIq5BG7HGeDJm3C78%252F0YtpX1wqvlNGRA5QgMv2Oo87v0jei1sa5rYR9D9DewF%252B30mFntIsbTLrtczBijCCJW3CtQeq4AsV3YIvhoeEu2ijp2R58dfa9TCljUVCe6hKzL%252BaFAWZoL8HSOMhA2cu5JvTAt8zAX%252F5GFpQf%252FRf66xgBvNTWOA%253D%253D\/setcatalog?cat=PROTEZIONI&#038;completeview=true\"\n                width=\"100%\"\n                height=\"100%\"\n                frameborder=\"0\"\n                allowfullscreen\n                loading=\"lazy\"\n            ><\/iframe>\n            <div id=\"configurator-popup\" class=\"configurator-popup-wrapper\">\n                <div class=\"configurator-popup-content\">\n                    <span class=\"configurator-popup-close\">&times;<\/span>\n                    <h2 class=\"h3\" style=\"text-align: center; margin-bottom:20px\">Compila i campi per ricevere via email il PDF del tuo progetto.<\/h2>\n                    \n<div class=\"wpcf7 no-js\" id=\"wpcf7-f7939-o1\" lang=\"fr-FR\" dir=\"ltr\" data-wpcf7-id=\"7939\">\n<div class=\"screen-reader-response\"><p role=\"status\" aria-live=\"polite\" aria-atomic=\"true\"><\/p> <ul><\/ul><\/div>\n<form action=\"\/fr\/wp-json\/wp\/v2\/pages\/7940#wpcf7-f7939-o1\" method=\"post\" class=\"wpcf7-form init\" aria-label=\"Formulaire de contact\" novalidate=\"novalidate\" data-status=\"init\">\n<fieldset class=\"hidden-fields-container\"><input type=\"hidden\" name=\"_wpcf7\" value=\"7939\" \/><input type=\"hidden\" name=\"_wpcf7_version\" value=\"6.1.5\" \/><input type=\"hidden\" name=\"_wpcf7_locale\" value=\"fr_FR\" \/><input type=\"hidden\" name=\"_wpcf7_unit_tag\" value=\"wpcf7-f7939-o1\" \/><input type=\"hidden\" name=\"_wpcf7_container_post\" value=\"0\" \/><input type=\"hidden\" name=\"_wpcf7_posted_data_hash\" value=\"\" \/>\n<\/fieldset>\n<div class=\"form-block\">\n<label>\n    <span class=\"sr-only\">Pr\u00e9nom (obligatoire)<\/span>\n    <span class=\"wpcf7-form-control-wrap\" data-name=\"firstname\"><input size=\"40\" maxlength=\"400\" class=\"wpcf7-form-control wpcf7-text wpcf7-validates-as-required\" autocomplete=\"firstname\" aria-required=\"true\" aria-invalid=\"false\" placeholder=\"Pr\u00e9nom*\" value=\"\" type=\"text\" name=\"firstname\" \/><\/span> \n<\/label>\n<\/div>\n<div class=\"form-block\">\n<label>\n    <span class=\"sr-only\">Nom (obligatoire)<\/span>\n    <span class=\"wpcf7-form-control-wrap\" data-name=\"lastname\"><input size=\"40\" maxlength=\"400\" class=\"wpcf7-form-control wpcf7-text wpcf7-validates-as-required\" autocomplete=\"lastname\" aria-required=\"true\" aria-invalid=\"false\" placeholder=\"Nom*\" value=\"\" type=\"text\" name=\"lastname\" \/><\/span> \n<\/label>\n<\/div>\n<div class=\"form-block\">\n<label>\n    <span class=\"sr-only\">T\u00e9l\u00e9phone (obligatoire)<\/span>\n    <span class=\"wpcf7-form-control-wrap\" data-name=\"tel\"><input size=\"40\" maxlength=\"400\" class=\"wpcf7-form-control wpcf7-text wpcf7-validates-as-required\" autocomplete=\"tel\" aria-required=\"true\" aria-invalid=\"false\" placeholder=\"T\u00e9l\u00e9phone*\" value=\"\" type=\"text\" name=\"tel\" \/><\/span> \n<\/label>\n<\/div>\n<div class=\"form-block\">\n<label>\n    <span class=\"sr-only\">E-mail (obligatoire)<\/span>\n    <span class=\"wpcf7-form-control-wrap\" data-name=\"email\"><input size=\"40\" maxlength=\"400\" class=\"wpcf7-form-control wpcf7-email wpcf7-validates-as-required wpcf7-text wpcf7-validates-as-email\" autocomplete=\"email\" aria-required=\"true\" aria-invalid=\"false\" placeholder=\"Email*\" value=\"\" type=\"email\" name=\"email\" \/><\/span> \n<\/label>\n<\/div>\n<div class=\"form-block\">\n<label>\n    <span class=\"sr-only\">Province (obligatoire)<\/span>\n<span class=\"wpcf7-form-control-wrap\" data-name=\"province\"><select class=\"wpcf7-form-control wpcf7-select wpcf7-validates-as-required\" aria-required=\"true\" aria-invalid=\"false\" name=\"province\"><option value=\"\">S\u00e9lectionnez une province<\/option><option value=\"Agrigento\">Agrigento<\/option><option value=\"Alessandria\">Alessandria<\/option><option value=\"Ancona\">Ancona<\/option><option value=\"Aosta\">Aosta<\/option><option value=\"Arezzo\">Arezzo<\/option><option value=\"Ascoli Piceno\">Ascoli Piceno<\/option><option value=\"Asti\">Asti<\/option><option value=\"Avellino\">Avellino<\/option><option value=\"Bari\">Bari<\/option><option value=\"Barletta-Andria-Trani\">Barletta-Andria-Trani<\/option><option value=\"Belluno\">Belluno<\/option><option value=\"Benevento\">Benevento<\/option><option value=\"Bergamo\">Bergamo<\/option><option value=\"Biella\">Biella<\/option><option value=\"Bologna\">Bologna<\/option><option value=\"Bolzano\">Bolzano<\/option><option value=\"Brescia\">Brescia<\/option><option value=\"Brindisi\">Brindisi<\/option><option value=\"Cagliari\">Cagliari<\/option><option value=\"Caltanissetta\">Caltanissetta<\/option><option value=\"Campobasso\">Campobasso<\/option><option value=\"Caserta\">Caserta<\/option><option value=\"Catania\">Catania<\/option><option value=\"Catanzaro\">Catanzaro<\/option><option value=\"Chieti\">Chieti<\/option><option value=\"Como\">Como<\/option><option value=\"Cosenza\">Cosenza<\/option><option value=\"Cremona\">Cremona<\/option><option value=\"Crotone\">Crotone<\/option><option value=\"Cuneo\">Cuneo<\/option><option value=\"Enna\">Enna<\/option><option value=\"Fermo\">Fermo<\/option><option value=\"Ferrara\">Ferrara<\/option><option value=\"Firenze\">Firenze<\/option><option value=\"Foggia\">Foggia<\/option><option value=\"Forl\u00ec-Cesena\">Forl\u00ec-Cesena<\/option><option value=\"Frosinone\">Frosinone<\/option><option value=\"Genova\">Genova<\/option><option value=\"Gorizia\">Gorizia<\/option><option value=\"Grosseto\">Grosseto<\/option><option value=\"Imperia\">Imperia<\/option><option value=\"Isernia\">Isernia<\/option><option value=\"La Spezia\">La Spezia<\/option><option value=\"L&#039;Aquila\">L&#039;Aquila<\/option><option value=\"Latina\">Latina<\/option><option value=\"Lecce\">Lecce<\/option><option value=\"Lecco\">Lecco<\/option><option value=\"Livorno\">Livorno<\/option><option value=\"Lodi\">Lodi<\/option><option value=\"Lucca\">Lucca<\/option><option value=\"Macerata\">Macerata<\/option><option value=\"Mantova\">Mantova<\/option><option value=\"Massa-Carrara\">Massa-Carrara<\/option><option value=\"Matera\">Matera<\/option><option value=\"Messina\">Messina<\/option><option value=\"Milano\">Milano<\/option><option value=\"Modena\">Modena<\/option><option value=\"Monza e Brianza\">Monza e Brianza<\/option><option value=\"Napoli\">Napoli<\/option><option value=\"Novara\">Novara<\/option><option value=\"Nuoro\">Nuoro<\/option><option value=\"Oristano\">Oristano<\/option><option value=\"Padova\">Padova<\/option><option value=\"Palermo\">Palermo<\/option><option value=\"Parma\">Parma<\/option><option value=\"Pavia\">Pavia<\/option><option value=\"Perugia\">Perugia<\/option><option value=\"Pesaro e Urbino\">Pesaro e Urbino<\/option><option value=\"Pescara\">Pescara<\/option><option value=\"Piacenza\">Piacenza<\/option><option value=\"Pisa\">Pisa<\/option><option value=\"Pistoia\">Pistoia<\/option><option value=\"Pordenone\">Pordenone<\/option><option value=\"Potenza\">Potenza<\/option><option value=\"Prato\">Prato<\/option><option value=\"Ragusa\">Ragusa<\/option><option value=\"Ravenna\">Ravenna<\/option><option value=\"Reggio Calabria\">Reggio Calabria<\/option><option value=\"Reggio Emilia\">Reggio Emilia<\/option><option value=\"Rieti\">Rieti<\/option><option value=\"Rimini\">Rimini<\/option><option value=\"Roma\">Roma<\/option><option value=\"Rovigo\">Rovigo<\/option><option value=\"Salerno\">Salerno<\/option><option value=\"Sassari\">Sassari<\/option><option value=\"Savona\">Savona<\/option><option value=\"Siena\">Siena<\/option><option value=\"Siracusa\">Siracusa<\/option><option value=\"Sondrio\">Sondrio<\/option><option value=\"Sud Sardegna\">Sud Sardegna<\/option><option value=\"Taranto\">Taranto<\/option><option value=\"Teramo\">Teramo<\/option><option value=\"Terni\">Terni<\/option><option value=\"Torino\">Torino<\/option><option value=\"Trapani\">Trapani<\/option><option value=\"Trento\">Trento<\/option><option value=\"Treviso\">Treviso<\/option><option value=\"Trieste\">Trieste<\/option><option value=\"Udine\">Udine<\/option><option value=\"Varese\">Varese<\/option><option value=\"Venezia\">Venezia<\/option><option value=\"Verbano-Cusio-Ossola\">Verbano-Cusio-Ossola<\/option><option value=\"Vercelli\">Vercelli<\/option><option value=\"Verona\">Verona<\/option><option value=\"Vibo Valentia\">Vibo Valentia<\/option><option value=\"Vicenza\">Vicenza<\/option><option value=\"Viterbo\">Viterbo<\/option><\/select><\/span>\n<\/label>\n<\/div>\n<div class=\"form-block\">\n    <span class=\"sr-only\">\u00c9tat (obligatoire)<\/span>\n    <span class=\"wpcf7-form-control-wrap\" data-name=\"country\"><span class=\"wpcf7-form-control wpcf7-radio\"><span class=\"wpcf7-list-item first\"><span class=\"wpcf7-list-item-label\">Italie<\/span><input type=\"radio\" name=\"country\" value=\"Italie\" checked=\"checked\" \/><\/span><span class=\"wpcf7-list-item last\"><span class=\"wpcf7-list-item-label\">\u00c9tranger<\/span><input type=\"radio\" name=\"country\" value=\"\u00c9tranger\" \/><\/span><\/span><\/span>\n<\/div>\n<div class=\"form-block privacy\">\n    <span class=\"wpcf7-form-control-wrap\" data-name=\"acceptance-561\"><span class=\"wpcf7-form-control wpcf7-acceptance\"><span class=\"wpcf7-list-item\"><label><input type=\"checkbox\" name=\"acceptance-561\" value=\"1\" aria-invalid=\"false\" \/><span class=\"wpcf7-list-item-label\">Apr\u00e8s avoir pris connaissance de la pr\u00e9sente <a href=\"\/fr\/privacy-policy\" class=\"link-underline\" target=\"_blank\">politique de confidentialit\u00e9<\/a>, j'accepte le traitement des donn\u00e9es \u00e0 caract\u00e8re personnel que j'ai communiqu\u00e9es.*<\/span><\/label><\/span><\/span><\/span>\n<\/div>\n\n<input class=\"wpcf7-form-control wpcf7-hidden\" value=\"\" type=\"hidden\" name=\"configCode\" \/>\n<input class=\"wpcf7-form-control wpcf7-hidden\" value=\"\" type=\"hidden\" name=\"codModel\" \/>\n<input class=\"wpcf7-form-control wpcf7-hidden\" value=\"\" type=\"hidden\" name=\"descModel\" \/>\n<input class=\"wpcf7-form-control wpcf7-hidden\" value=\"\" type=\"hidden\" name=\"pdfModel\" \/>\n\n<div class=\"form-block footer-form\">\n<div>&nbsp;<\/div>\n    <button class=\"wpcf7-form-control wpcf7-submit qodef-button qodef-size--normal qodef-layout--filled qodef-m\" type=\"submit\"><span class=\"qodef-m-text\">Envoyer<\/span><\/button>\n<\/div><div class=\"wpcf7-response-output\" aria-hidden=\"true\"><\/div>\n<\/form>\n<\/div>\n                <\/div>\n            <\/div>\n        <\/div>\n        \t\t\t\t<\/div>\n\t\t\t\t<\/div>\n\t\t\t\t<\/div>\n\t\t\t\t<\/div>\n\t\t","protected":false},"excerpt":{"rendered":"<p>Home Caricamento configuratore&#8230;<\/p>\n","protected":false},"author":3,"featured_media":0,"parent":0,"menu_order":0,"comment_status":"closed","ping_status":"closed","template":"","meta":{"footnotes":""},"class_list":["post-7940","page","type-page","status-publish","hentry"],"yoast_head":"<!-- This site is optimized with the Yoast SEO plugin v27.4 - https:\/\/yoast.com\/product\/yoast-seo-wordpress\/ -->\n<title>Configurateur 3D - Protezioni Srl<\/title>\n<meta name=\"robots\" content=\"index, follow, max-snippet:-1, max-image-preview:large, max-video-preview:-1\" \/>\n<link rel=\"canonical\" href=\"https:\/\/www.protezionisrl.com\/fr\/configurateur-3d\/\" \/>\n<meta property=\"og:locale\" content=\"fr_FR\" \/>\n<meta property=\"og:type\" content=\"article\" \/>\n<meta property=\"og:title\" content=\"Configurateur 3D - Protezioni Srl\" \/>\n<meta property=\"og:description\" content=\"Home Caricamento configuratore&#8230;\" \/>\n<meta property=\"og:url\" content=\"https:\/\/www.protezionisrl.com\/fr\/configurateur-3d\/\" \/>\n<meta property=\"og:site_name\" content=\"Protezioni Srl\" \/>\n<meta property=\"article:modified_time\" content=\"2026-04-18T07:42:26+00:00\" \/>\n<meta name=\"twitter:card\" content=\"summary_large_image\" \/>\n<script type=\"application\/ld+json\" class=\"yoast-schema-graph\">{\"@context\":\"https:\\\/\\\/schema.org\",\"@graph\":[{\"@type\":\"WebPage\",\"@id\":\"https:\\\/\\\/www.protezionisrl.com\\\/fr\\\/configurateur-3d\\\/\",\"url\":\"https:\\\/\\\/www.protezionisrl.com\\\/fr\\\/configurateur-3d\\\/\",\"name\":\"Configurateur 3D - Protezioni Srl\",\"isPartOf\":{\"@id\":\"https:\\\/\\\/www.protezionisrl.com\\\/#website\"},\"datePublished\":\"2026-03-18T09:36:47+00:00\",\"dateModified\":\"2026-04-18T07:42:26+00:00\",\"breadcrumb\":{\"@id\":\"https:\\\/\\\/www.protezionisrl.com\\\/fr\\\/configurateur-3d\\\/#breadcrumb\"},\"inLanguage\":\"fr-FR\",\"potentialAction\":[{\"@type\":\"ReadAction\",\"target\":[\"https:\\\/\\\/www.protezionisrl.com\\\/fr\\\/configurateur-3d\\\/\"]}]},{\"@type\":\"BreadcrumbList\",\"@id\":\"https:\\\/\\\/www.protezionisrl.com\\\/fr\\\/configurateur-3d\\\/#breadcrumb\",\"itemListElement\":[{\"@type\":\"ListItem\",\"position\":1,\"name\":\"Home\",\"item\":\"https:\\\/\\\/www.protezionisrl.com\\\/fr\\\/\"},{\"@type\":\"ListItem\",\"position\":2,\"name\":\"Configurateur 3D\"}]},{\"@type\":\"WebSite\",\"@id\":\"https:\\\/\\\/www.protezionisrl.com\\\/#website\",\"url\":\"https:\\\/\\\/www.protezionisrl.com\\\/\",\"name\":\"Protezioni Srl\",\"description\":\"\",\"publisher\":{\"@id\":\"https:\\\/\\\/www.protezionisrl.com\\\/#organization\"},\"potentialAction\":[{\"@type\":\"SearchAction\",\"target\":{\"@type\":\"EntryPoint\",\"urlTemplate\":\"https:\\\/\\\/www.protezionisrl.com\\\/?s={search_term_string}\"},\"query-input\":{\"@type\":\"PropertyValueSpecification\",\"valueRequired\":true,\"valueName\":\"search_term_string\"}}],\"inLanguage\":\"fr-FR\"},{\"@type\":\"Organization\",\"@id\":\"https:\\\/\\\/www.protezionisrl.com\\\/#organization\",\"name\":\"Protezioni Srl\",\"url\":\"https:\\\/\\\/www.protezionisrl.com\\\/\",\"logo\":{\"@type\":\"ImageObject\",\"inLanguage\":\"fr-FR\",\"@id\":\"https:\\\/\\\/www.protezionisrl.com\\\/#\\\/schema\\\/logo\\\/image\\\/\",\"url\":\"https:\\\/\\\/www.protezionisrl.com\\\/wp-content\\\/uploads\\\/2026\\\/02\\\/logo-protezioni.svg\",\"contentUrl\":\"https:\\\/\\\/www.protezionisrl.com\\\/wp-content\\\/uploads\\\/2026\\\/02\\\/logo-protezioni.svg\",\"width\":139,\"height\":24,\"caption\":\"Protezioni Srl\"},\"image\":{\"@id\":\"https:\\\/\\\/www.protezionisrl.com\\\/#\\\/schema\\\/logo\\\/image\\\/\"}}]}<\/script>\n<!-- \/ Yoast SEO plugin. -->","yoast_head_json":{"title":"Configurateur 3D - Protezioni Srl","robots":{"index":"index","follow":"follow","max-snippet":"max-snippet:-1","max-image-preview":"max-image-preview:large","max-video-preview":"max-video-preview:-1"},"canonical":"https:\/\/www.protezionisrl.com\/fr\/configurateur-3d\/","og_locale":"fr_FR","og_type":"article","og_title":"Configurateur 3D - Protezioni Srl","og_description":"Home Caricamento configuratore&#8230;","og_url":"https:\/\/www.protezionisrl.com\/fr\/configurateur-3d\/","og_site_name":"Protezioni Srl","article_modified_time":"2026-04-18T07:42:26+00:00","twitter_card":"summary_large_image","schema":{"@context":"https:\/\/schema.org","@graph":[{"@type":"WebPage","@id":"https:\/\/www.protezionisrl.com\/fr\/configurateur-3d\/","url":"https:\/\/www.protezionisrl.com\/fr\/configurateur-3d\/","name":"Configurateur 3D - Protezioni Srl","isPartOf":{"@id":"https:\/\/www.protezionisrl.com\/#website"},"datePublished":"2026-03-18T09:36:47+00:00","dateModified":"2026-04-18T07:42:26+00:00","breadcrumb":{"@id":"https:\/\/www.protezionisrl.com\/fr\/configurateur-3d\/#breadcrumb"},"inLanguage":"fr-FR","potentialAction":[{"@type":"ReadAction","target":["https:\/\/www.protezionisrl.com\/fr\/configurateur-3d\/"]}]},{"@type":"BreadcrumbList","@id":"https:\/\/www.protezionisrl.com\/fr\/configurateur-3d\/#breadcrumb","itemListElement":[{"@type":"ListItem","position":1,"name":"Home","item":"https:\/\/www.protezionisrl.com\/fr\/"},{"@type":"ListItem","position":2,"name":"Configurateur 3D"}]},{"@type":"WebSite","@id":"https:\/\/www.protezionisrl.com\/#website","url":"https:\/\/www.protezionisrl.com\/","name":"Protezioni Srl","description":"","publisher":{"@id":"https:\/\/www.protezionisrl.com\/#organization"},"potentialAction":[{"@type":"SearchAction","target":{"@type":"EntryPoint","urlTemplate":"https:\/\/www.protezionisrl.com\/?s={search_term_string}"},"query-input":{"@type":"PropertyValueSpecification","valueRequired":true,"valueName":"search_term_string"}}],"inLanguage":"fr-FR"},{"@type":"Organization","@id":"https:\/\/www.protezionisrl.com\/#organization","name":"Protezioni Srl","url":"https:\/\/www.protezionisrl.com\/","logo":{"@type":"ImageObject","inLanguage":"fr-FR","@id":"https:\/\/www.protezionisrl.com\/#\/schema\/logo\/image\/","url":"https:\/\/www.protezionisrl.com\/wp-content\/uploads\/2026\/02\/logo-protezioni.svg","contentUrl":"https:\/\/www.protezionisrl.com\/wp-content\/uploads\/2026\/02\/logo-protezioni.svg","width":139,"height":24,"caption":"Protezioni Srl"},"image":{"@id":"https:\/\/www.protezionisrl.com\/#\/schema\/logo\/image\/"}}]}},"_links":{"self":[{"href":"https:\/\/www.protezionisrl.com\/fr\/wp-json\/wp\/v2\/pages\/7940","targetHints":{"allow":["GET"]}}],"collection":[{"href":"https:\/\/www.protezionisrl.com\/fr\/wp-json\/wp\/v2\/pages"}],"about":[{"href":"https:\/\/www.protezionisrl.com\/fr\/wp-json\/wp\/v2\/types\/page"}],"author":[{"embeddable":true,"href":"https:\/\/www.protezionisrl.com\/fr\/wp-json\/wp\/v2\/users\/3"}],"replies":[{"embeddable":true,"href":"https:\/\/www.protezionisrl.com\/fr\/wp-json\/wp\/v2\/comments?post=7940"}],"version-history":[{"count":2,"href":"https:\/\/www.protezionisrl.com\/fr\/wp-json\/wp\/v2\/pages\/7940\/revisions"}],"predecessor-version":[{"id":7942,"href":"https:\/\/www.protezionisrl.com\/fr\/wp-json\/wp\/v2\/pages\/7940\/revisions\/7942"}],"wp:attachment":[{"href":"https:\/\/www.protezionisrl.com\/fr\/wp-json\/wp\/v2\/media?parent=7940"}],"curies":[{"name":"wp","href":"https:\/\/api.w.org\/{rel}","templated":true}]}}